{"id":47,"date":"2026-03-04T10:24:57","date_gmt":"2026-03-04T09:24:57","guid":{"rendered":"https:\/\/praxisvivelavie.ch\/?page_id=47"},"modified":"2026-03-08T23:14:39","modified_gmt":"2026-03-08T22:14:39","slug":"home","status":"publish","type":"page","link":"https:\/\/praxisvivelavie.ch\/?page_id=47","title":{"rendered":"Qualifikationen"},"content":{"rendered":"<div class=\"fusion-fullwidth fullwidth-box fusion-builder-row-1 fusion-flex-container has-pattern-background has-mask-background nonhundred-percent-fullwidth non-hundred-percent-height-scrolling\" style=\"--awb-border-radius-top-left:0px;--awb-border-radius-top-right:0px;--awb-border-radius-bottom-right:0px;--awb-border-radius-bottom-left:0px;--awb-flex-wrap:wrap;\" ><div class=\"fusion-builder-row fusion-row fusion-flex-align-items-flex-start fusion-flex-content-wrap\" style=\"max-width:1248px;margin-left: calc(-4% \/ 2 );margin-right: calc(-4% \/ 2 );\"><div class=\"fusion-layout-column fusion_builder_column fusion-builder-column-0 fusion_builder_column_1_1 1_1 fusion-flex-column\" style=\"--awb-bg-size:cover;--awb-width-large:100%;--awb-margin-top-large:0px;--awb-spacing-right-large:1.92%;--awb-margin-bottom-large:20px;--awb-spacing-left-large:1.92%;--awb-width-medium:100%;--awb-order-medium:0;--awb-spacing-right-medium:1.92%;--awb-spacing-left-medium:1.92%;--awb-width-small:100%;--awb-order-small:0;--awb-spacing-right-small:1.92%;--awb-spacing-left-small:1.92%;\"><div class=\"fusion-column-wrapper fusion-column-has-shadow fusion-flex-justify-content-flex-start fusion-content-layout-column\"><div class=\"fusion-text fusion-text-1 awb-text-cols fusion-text-columns-2\" style=\"--awb-columns:2;--awb-column-spacing:2em;--awb-column-min-width:400px;\"><p>Ich begleite Menschen mit Empathie, Fachwissen und einem ganzheitlichen Blick auf ihre individuelle Lebenssituation. Meine beruflichen Erfahrungen und Weiterbildungen bilden die Grundlage f\u00fcr eine vertrauensvolle, professionelle Zusammenarbeit. Dabei stehen Menschlichkeit, Respekt und sinnvolle Therapien stets im Zentrum meines Handelns.<\/p>\n<\/div><\/div><\/div><div class=\"fusion-layout-column fusion_builder_column fusion-builder-column-1 fusion_builder_column_1_3 1_3 fusion-flex-column\" style=\"--awb-padding-right:6%;--awb-padding-bottom:6%;--awb-padding-left:6%;--awb-bg-color:var(--awb-color2);--awb-bg-color-hover:var(--awb-color2);--awb-bg-size:cover;--awb-width-large:33.333333333333%;--awb-margin-top-large:0px;--awb-spacing-right-large:5.76%;--awb-margin-bottom-large:20px;--awb-spacing-left-large:5.76%;--awb-width-medium:33.333333333333%;--awb-order-medium:0;--awb-spacing-right-medium:5.76%;--awb-spacing-left-medium:5.76%;--awb-width-small:100%;--awb-order-small:0;--awb-spacing-right-small:1.92%;--awb-spacing-left-small:1.92%;\" data-scroll-devices=\"small-visibility,medium-visibility,large-visibility\"><div class=\"fusion-column-wrapper fusion-column-has-shadow fusion-flex-justify-content-flex-start fusion-content-layout-column\"><div class=\"fusion-text fusion-text-2\"><h4>Lebensstationen<\/h4>\n<\/div><div class=\"fusion-text fusion-text-3\"><p data-rte-preserve-empty=\"true\"><strong>Seit 2026<\/strong> \u2013 Gr\u00fcnderin Praxis \u00abVive la vie !\u00bb<\/p>\n<p data-rte-preserve-empty=\"true\"><strong>2019 \u2013 2026<\/strong> \u2013 Ober\u00e4rztin, Frauenklinik, Stadtspital Triemli<\/p>\n<p data-rte-preserve-empty=\"true\"><strong>2017 \u2013 2019<\/strong> \u2013 Ober\u00e4rztin, Frauenklinik, Ospedale regionale di Bellinzona e Valli<\/p>\n<p data-rte-preserve-empty=\"true\"><strong>2012 \u2013 2017<\/strong> \u2013 Assistenz\u00e4rztin, Frauenklinik, Universit\u00e4tsspital Z\u00fcrich<\/p>\n<p data-rte-preserve-empty=\"true\"><strong>2011 \u2013 2012<\/strong> \u2013 Assistenz\u00e4rztin, Frauenklinik, Spital Uster<\/p>\n<p data-rte-preserve-empty=\"true\"><strong>2010 \u2013 2011<\/strong> \u2013 Assistenz\u00e4rztin, Maternit\u00e9, CHUV Lausanne<\/p>\n<\/div><\/div><\/div><div class=\"fusion-layout-column fusion_builder_column fusion-builder-column-2 fusion_builder_column_1_3 1_3 fusion-flex-column\" style=\"--awb-padding-right:6%;--awb-padding-bottom:6%;--awb-padding-left:6%;--awb-bg-color:rgba(214,223,235,0.78);--awb-bg-color-hover:rgba(214,223,235,0.78);--awb-bg-size:cover;--awb-width-large:33.333333333333%;--awb-margin-top-large:0px;--awb-spacing-right-large:5.76%;--awb-margin-bottom-large:20px;--awb-spacing-left-large:5.76%;--awb-width-medium:33.333333333333%;--awb-order-medium:0;--awb-spacing-right-medium:5.76%;--awb-spacing-left-medium:5.76%;--awb-width-small:100%;--awb-order-small:0;--awb-spacing-right-small:1.92%;--awb-spacing-left-small:1.92%;\" data-scroll-devices=\"small-visibility,medium-visibility,large-visibility\"><div class=\"fusion-column-wrapper fusion-column-has-shadow fusion-flex-justify-content-flex-start fusion-content-layout-column\"><div class=\"fusion-text fusion-text-4\" style=\"--awb-text-transform:uppercase;--awb-text-color:var(--awb-color4);\"><h4>Ausbildung<\/h4>\n<\/div><div class=\"fusion-text fusion-text-5\"><p>2023 \u2013 <strong>Schwerpunkt operative Gyn\u00e4kologie und Geburtshilfe<\/strong><\/p>\n<p>2019 \u2013 <strong>Beginn Urogyn\u00e4kologischer Ausbildung (Stadtspital Triemli)<\/strong><\/p>\n<p>2017 \u2013 <strong>Fach\u00e4rztin f\u00fcr Gyn\u00e4kologie und Geburtshilfe<\/strong><\/p>\n<p>2009 \u2013 <strong>Abschluss Medizinstudium, Universit\u00e4t Lausanne<\/strong><\/p>\n<p>2010 \u2013 <strong>Doktorarbeit, Universit\u00e4t Lausanne<\/strong><\/p>\n<\/div><\/div><\/div><div class=\"fusion-layout-column fusion_builder_column fusion-builder-column-3 fusion_builder_column_1_3 1_3 fusion-flex-column\" style=\"--awb-padding-right:6%;--awb-padding-bottom:6%;--awb-padding-left:6%;--awb-bg-color:rgba(190,218,195,0.58);--awb-bg-color-hover:rgba(190,218,195,0.58);--awb-bg-size:cover;--awb-width-large:33.333333333333%;--awb-margin-top-large:0px;--awb-spacing-right-large:5.76%;--awb-margin-bottom-large:20px;--awb-spacing-left-large:5.76%;--awb-width-medium:33.333333333333%;--awb-order-medium:0;--awb-spacing-right-medium:5.76%;--awb-spacing-left-medium:5.76%;--awb-width-small:100%;--awb-order-small:0;--awb-spacing-right-small:1.92%;--awb-spacing-left-small:1.92%;\" data-scroll-devices=\"small-visibility,medium-visibility,large-visibility\"><div class=\"fusion-column-wrapper fusion-column-has-shadow fusion-flex-justify-content-flex-start fusion-content-layout-column\"><div class=\"fusion-text fusion-text-6\" style=\"--awb-text-transform:uppercase;--awb-text-color:var(--awb-color4);\"><h4>Zusatzqualifikationen<\/h4>\n<\/div><div class=\"fusion-text fusion-text-7\"><p>2025 \u2013 <strong>F\u00e4higkeitsausweis Schwangerschaftsultraschall (SGUM)<\/strong><\/p>\n<p>2025 \u2013 <strong>F\u00e4higkeitsausweis Praxislabor (KHM)<\/strong><\/p>\n<p>2024 \u2013 <strong>Certificate in genetic counseling in oncology<\/strong><\/p>\n<p>2022 \u2013 <strong>Zertifikat<\/strong> <strong>GESEA Level 1 und GESEA Level 2 MIGS,<\/strong> <strong>Arbeitsgemeinschaft f\u00fcr gyn\u00e4kologische Endoskopie<\/strong><\/p>\n<p>2021 \u2013 <strong>Diplom f\u00fcr Dopplersonographie des feto-maternalen Gef\u00e4sssystems<\/strong><\/p>\n<p>2019 \u2013 <strong>Diplom<\/strong> <strong>Kolposkopie<\/strong><\/p>\n<\/div><\/div><\/div><div class=\"fusion-layout-column fusion_builder_column fusion-builder-column-4 fusion_builder_column_1_3 1_3 fusion-flex-column\" style=\"--awb-bg-position:right top;--awb-bg-size:25%;--awb-width-large:33.333333333333%;--awb-margin-top-large:0px;--awb-spacing-right-large:5.76%;--awb-margin-bottom-large:20px;--awb-spacing-left-large:5.76%;--awb-width-medium:33.333333333333%;--awb-order-medium:0;--awb-spacing-right-medium:5.76%;--awb-spacing-left-medium:5.76%;--awb-width-small:100%;--awb-order-small:0;--awb-spacing-right-small:1.92%;--awb-spacing-left-small:1.92%;\" data-scroll-devices=\"small-visibility,medium-visibility,large-visibility\"><div class=\"fusion-column-wrapper fusion-column-has-shadow fusion-flex-justify-content-flex-start fusion-content-layout-column\"><\/div><\/div><\/div><\/div>\n","protected":false},"excerpt":{"rendered":"","protected":false},"author":2,"featured_media":0,"parent":0,"menu_order":0,"comment_status":"closed","ping_status":"closed","template":"","meta":{"footnotes":""},"class_list":["post-47","page","type-page","status-publish","hentry"],"yoast_head":"<!-- This site is optimized with the Yoast SEO plugin v27.4 - https:\/\/yoast.com\/product\/yoast-seo-wordpress\/ -->\n<title>Qualifikationen - PRAXIS Vive la vie!<\/title>\n<meta name=\"description\" content=\"Dr. med. Isabel Ihnenfeld, Fach\u00e4rztin f\u00fcr Gyn\u00e4kologie und Geburtshilfe mit Schwerpunkt auf operative Gyn\u00e4kologie, Urogyn\u00e4kologie, Endometriose und Beckenbodenbeschwerden.\" \/>\n<meta name=\"robots\" content=\"index, follow, max-snippet:-1, max-image-preview:large, max-video-preview:-1\" \/>\n<link rel=\"canonical\" href=\"https:\/\/praxisvivelavie.ch\/?page_id=47\" \/>\n<meta property=\"og:locale\" content=\"de_DE\" \/>\n<meta property=\"og:type\" content=\"article\" \/>\n<meta property=\"og:title\" content=\"Qualifikationen - PRAXIS Vive la vie!\" \/>\n<meta property=\"og:description\" content=\"Dr. med. Isabel Ihnenfeld, Fach\u00e4rztin f\u00fcr Gyn\u00e4kologie und Geburtshilfe mit Schwerpunkt auf operative Gyn\u00e4kologie, Urogyn\u00e4kologie, Endometriose und Beckenbodenbeschwerden.\" \/>\n<meta property=\"og:url\" content=\"https:\/\/praxisvivelavie.ch\/?page_id=47\" \/>\n<meta property=\"og:site_name\" content=\"PRAXIS Vive la vie!\" \/>\n<meta property=\"article:modified_time\" content=\"2026-03-08T22:14:39+00:00\" \/>\n<meta property=\"og:image\" content=\"https:\/\/praxisvivelavie.ch\/wp-content\/uploads\/2026\/01\/vievlavie_logo_kompakt_rechts.webp\" \/>\n\t<meta property=\"og:image:width\" content=\"534\" \/>\n\t<meta property=\"og:image:height\" content=\"375\" \/>\n\t<meta property=\"og:image:type\" content=\"image\/webp\" \/>\n<meta name=\"twitter:card\" content=\"summary_large_image\" \/>\n<meta name=\"twitter:label1\" content=\"Gesch\u00e4tzte Lesezeit\" \/>\n\t<meta name=\"twitter:data1\" content=\"1\u00a0Minute\" \/>\n<script type=\"application\/ld+json\" class=\"yoast-schema-graph\">{\"@context\":\"https:\\\/\\\/schema.org\",\"@graph\":[{\"@type\":\"WebPage\",\"@id\":\"https:\\\/\\\/praxisvivelavie.ch\\\/?page_id=47\",\"url\":\"https:\\\/\\\/praxisvivelavie.ch\\\/?page_id=47\",\"name\":\"Qualifikationen - PRAXIS Vive la vie!\",\"isPartOf\":{\"@id\":\"https:\\\/\\\/praxisvivelavie.ch\\\/#website\"},\"datePublished\":\"2026-03-04T09:24:57+00:00\",\"dateModified\":\"2026-03-08T22:14:39+00:00\",\"description\":\"Dr. med. Isabel Ihnenfeld, Fach\u00e4rztin f\u00fcr Gyn\u00e4kologie und Geburtshilfe mit Schwerpunkt auf operative Gyn\u00e4kologie, Urogyn\u00e4kologie, Endometriose und Beckenbodenbeschwerden.\",\"breadcrumb\":{\"@id\":\"https:\\\/\\\/praxisvivelavie.ch\\\/?page_id=47#breadcrumb\"},\"inLanguage\":\"de\",\"potentialAction\":[{\"@type\":\"ReadAction\",\"target\":[\"https:\\\/\\\/praxisvivelavie.ch\\\/?page_id=47\"]}]},{\"@type\":\"BreadcrumbList\",\"@id\":\"https:\\\/\\\/praxisvivelavie.ch\\\/?page_id=47#breadcrumb\",\"itemListElement\":[{\"@type\":\"ListItem\",\"position\":1,\"name\":\"Start\",\"item\":\"https:\\\/\\\/praxisvivelavie.ch\\\/\"},{\"@type\":\"ListItem\",\"position\":2,\"name\":\"Qualifikationen\"}]},{\"@type\":\"WebSite\",\"@id\":\"https:\\\/\\\/praxisvivelavie.ch\\\/#website\",\"url\":\"https:\\\/\\\/praxisvivelavie.ch\\\/\",\"name\":\"Vive la vie!\",\"description\":\"Praxis f\u00fcr die Frau\",\"publisher\":{\"@id\":\"https:\\\/\\\/praxisvivelavie.ch\\\/#organization\"},\"potentialAction\":[{\"@type\":\"SearchAction\",\"target\":{\"@type\":\"EntryPoint\",\"urlTemplate\":\"https:\\\/\\\/praxisvivelavie.ch\\\/?s={search_term_string}\"},\"query-input\":{\"@type\":\"PropertyValueSpecification\",\"valueRequired\":true,\"valueName\":\"search_term_string\"}}],\"inLanguage\":\"de\"},{\"@type\":\"Organization\",\"@id\":\"https:\\\/\\\/praxisvivelavie.ch\\\/#organization\",\"name\":\"Vive la vie!\",\"url\":\"https:\\\/\\\/praxisvivelavie.ch\\\/\",\"logo\":{\"@type\":\"ImageObject\",\"inLanguage\":\"de\",\"@id\":\"https:\\\/\\\/praxisvivelavie.ch\\\/#\\\/schema\\\/logo\\\/image\\\/\",\"url\":\"https:\\\/\\\/praxisvivelavie.ch\\\/wp-content\\\/uploads\\\/2026\\\/01\\\/vivelavie_logo_lang.webp\",\"contentUrl\":\"https:\\\/\\\/praxisvivelavie.ch\\\/wp-content\\\/uploads\\\/2026\\\/01\\\/vivelavie_logo_lang.webp\",\"width\":1730,\"height\":638,\"caption\":\"Vive la vie!\"},\"image\":{\"@id\":\"https:\\\/\\\/praxisvivelavie.ch\\\/#\\\/schema\\\/logo\\\/image\\\/\"}}]}<\/script>\n<!-- \/ Yoast SEO plugin. -->","yoast_head_json":{"title":"Qualifikationen - PRAXIS Vive la vie!","description":"Dr. med. Isabel Ihnenfeld, Fach\u00e4rztin f\u00fcr Gyn\u00e4kologie und Geburtshilfe mit Schwerpunkt auf operative Gyn\u00e4kologie, Urogyn\u00e4kologie, Endometriose und Beckenbodenbeschwerden.","robots":{"index":"index","follow":"follow","max-snippet":"max-snippet:-1","max-image-preview":"max-image-preview:large","max-video-preview":"max-video-preview:-1"},"canonical":"https:\/\/praxisvivelavie.ch\/?page_id=47","og_locale":"de_DE","og_type":"article","og_title":"Qualifikationen - PRAXIS Vive la vie!","og_description":"Dr. med. Isabel Ihnenfeld, Fach\u00e4rztin f\u00fcr Gyn\u00e4kologie und Geburtshilfe mit Schwerpunkt auf operative Gyn\u00e4kologie, Urogyn\u00e4kologie, Endometriose und Beckenbodenbeschwerden.","og_url":"https:\/\/praxisvivelavie.ch\/?page_id=47","og_site_name":"PRAXIS Vive la vie!","article_modified_time":"2026-03-08T22:14:39+00:00","og_image":[{"width":534,"height":375,"url":"https:\/\/praxisvivelavie.ch\/wp-content\/uploads\/2026\/01\/vievlavie_logo_kompakt_rechts.webp","type":"image\/webp"}],"twitter_card":"summary_large_image","twitter_misc":{"Gesch\u00e4tzte Lesezeit":"1\u00a0Minute"},"schema":{"@context":"https:\/\/schema.org","@graph":[{"@type":"WebPage","@id":"https:\/\/praxisvivelavie.ch\/?page_id=47","url":"https:\/\/praxisvivelavie.ch\/?page_id=47","name":"Qualifikationen - PRAXIS Vive la vie!","isPartOf":{"@id":"https:\/\/praxisvivelavie.ch\/#website"},"datePublished":"2026-03-04T09:24:57+00:00","dateModified":"2026-03-08T22:14:39+00:00","description":"Dr. med. Isabel Ihnenfeld, Fach\u00e4rztin f\u00fcr Gyn\u00e4kologie und Geburtshilfe mit Schwerpunkt auf operative Gyn\u00e4kologie, Urogyn\u00e4kologie, Endometriose und Beckenbodenbeschwerden.","breadcrumb":{"@id":"https:\/\/praxisvivelavie.ch\/?page_id=47#breadcrumb"},"inLanguage":"de","potentialAction":[{"@type":"ReadAction","target":["https:\/\/praxisvivelavie.ch\/?page_id=47"]}]},{"@type":"BreadcrumbList","@id":"https:\/\/praxisvivelavie.ch\/?page_id=47#breadcrumb","itemListElement":[{"@type":"ListItem","position":1,"name":"Start","item":"https:\/\/praxisvivelavie.ch\/"},{"@type":"ListItem","position":2,"name":"Qualifikationen"}]},{"@type":"WebSite","@id":"https:\/\/praxisvivelavie.ch\/#website","url":"https:\/\/praxisvivelavie.ch\/","name":"Vive la vie!","description":"Praxis f\u00fcr die Frau","publisher":{"@id":"https:\/\/praxisvivelavie.ch\/#organization"},"potentialAction":[{"@type":"SearchAction","target":{"@type":"EntryPoint","urlTemplate":"https:\/\/praxisvivelavie.ch\/?s={search_term_string}"},"query-input":{"@type":"PropertyValueSpecification","valueRequired":true,"valueName":"search_term_string"}}],"inLanguage":"de"},{"@type":"Organization","@id":"https:\/\/praxisvivelavie.ch\/#organization","name":"Vive la vie!","url":"https:\/\/praxisvivelavie.ch\/","logo":{"@type":"ImageObject","inLanguage":"de","@id":"https:\/\/praxisvivelavie.ch\/#\/schema\/logo\/image\/","url":"https:\/\/praxisvivelavie.ch\/wp-content\/uploads\/2026\/01\/vivelavie_logo_lang.webp","contentUrl":"https:\/\/praxisvivelavie.ch\/wp-content\/uploads\/2026\/01\/vivelavie_logo_lang.webp","width":1730,"height":638,"caption":"Vive la vie!"},"image":{"@id":"https:\/\/praxisvivelavie.ch\/#\/schema\/logo\/image\/"}}]}},"_links":{"self":[{"href":"https:\/\/praxisvivelavie.ch\/index.php?rest_route=\/wp\/v2\/pages\/47","targetHints":{"allow":["GET"]}}],"collection":[{"href":"https:\/\/praxisvivelavie.ch\/index.php?rest_route=\/wp\/v2\/pages"}],"about":[{"href":"https:\/\/praxisvivelavie.ch\/index.php?rest_route=\/wp\/v2\/types\/page"}],"author":[{"embeddable":true,"href":"https:\/\/praxisvivelavie.ch\/index.php?rest_route=\/wp\/v2\/users\/2"}],"replies":[{"embeddable":true,"href":"https:\/\/praxisvivelavie.ch\/index.php?rest_route=%2Fwp%2Fv2%2Fcomments&post=47"}],"version-history":[{"count":45,"href":"https:\/\/praxisvivelavie.ch\/index.php?rest_route=\/wp\/v2\/pages\/47\/revisions"}],"predecessor-version":[{"id":419,"href":"https:\/\/praxisvivelavie.ch\/index.php?rest_route=\/wp\/v2\/pages\/47\/revisions\/419"}],"wp:attachment":[{"href":"https:\/\/praxisvivelavie.ch\/index.php?rest_route=%2Fwp%2Fv2%2Fmedia&parent=47"}],"curies":[{"name":"wp","href":"https:\/\/api.w.org\/{rel}","templated":true}]}}