{"id":385,"date":"2026-03-04T14:18:57","date_gmt":"2026-03-04T13:18:57","guid":{"rendered":"https:\/\/praxisvivelavie.ch\/?page_id=385"},"modified":"2026-03-09T21:26:30","modified_gmt":"2026-03-09T20:26:30","slug":"home-2","status":"publish","type":"page","link":"https:\/\/praxisvivelavie.ch\/?page_id=385","title":{"rendered":"Wissenswertes"},"content":{"rendered":"<p><div class=\"fusion-fullwidth fullwidth-box fusion-builder-row-1 fusion-flex-container has-pattern-background has-mask-background nonhundred-percent-fullwidth non-hundred-percent-height-scrolling\" style=\"--awb-border-radius-top-left:0px;--awb-border-radius-top-right:0px;--awb-border-radius-bottom-right:0px;--awb-border-radius-bottom-left:0px;--awb-padding-bottom:0px;--awb-margin-bottom:0px;--awb-flex-wrap:wrap;\" ><div class=\"fusion-builder-row fusion-row fusion-flex-align-items-flex-start fusion-flex-content-wrap\" style=\"max-width:1248px;margin-left: calc(-4% \/ 2 );margin-right: calc(-4% \/ 2 );\"><div class=\"fusion-layout-column fusion_builder_column fusion-builder-column-0 fusion_builder_column_1_1 1_1 fusion-flex-column\" style=\"--awb-bg-position:right top;--awb-bg-size:25%;--awb-width-large:100%;--awb-margin-top-large:0px;--awb-spacing-right-large:1.92%;--awb-margin-bottom-large:0px;--awb-spacing-left-large:1.92%;--awb-width-medium:100%;--awb-order-medium:0;--awb-spacing-right-medium:1.92%;--awb-spacing-left-medium:1.92%;--awb-width-small:100%;--awb-order-small:0;--awb-spacing-right-small:1.92%;--awb-spacing-left-small:1.92%;\" data-scroll-devices=\"small-visibility,medium-visibility,large-visibility\"><div class=\"fusion-column-wrapper fusion-column-has-shadow fusion-flex-justify-content-flex-start fusion-content-layout-column\"><div class=\"fusion-text fusion-text-1\" style=\"--awb-text-transform:uppercase;--awb-text-color:var(--awb-color4);\"><h2>Wissenswertes rund um die Frauengesundheit<\/h2>\n<\/div><div class=\"fusion-separator fusion-full-width-sep\" style=\"align-self: center;margin-left: auto;margin-right: auto;flex-grow:10;margin-top:0px;margin-bottom:30px;width:100%;max-width:100%;\"><div class=\"fusion-separator-border sep-single sep-solid\" style=\"--awb-height:20px;--awb-amount:20px;border-color:var(--awb-color3);border-top-width:3px;\"><\/div><\/div><\/div><\/div><\/div><\/div><div class=\"fusion-fullwidth fullwidth-box fusion-builder-row-2 fusion-flex-container has-pattern-background has-mask-background nonhundred-percent-fullwidth non-hundred-percent-height-scrolling\" style=\"--awb-border-radius-top-left:0px;--awb-border-radius-top-right:0px;--awb-border-radius-bottom-right:0px;--awb-border-radius-bottom-left:0px;--awb-padding-top:30px;--awb-padding-right:30px;--awb-padding-bottom:30px;--awb-padding-left:30px;--awb-margin-bottom:60px;--awb-background-color:var(--awb-color2);--awb-flex-wrap:wrap;\" ><div class=\"fusion-builder-row fusion-row fusion-flex-align-items-flex-start fusion-flex-content-wrap\" style=\"max-width:1248px;margin-left: calc(-4% \/ 2 );margin-right: calc(-4% \/ 2 );\"><div class=\"fusion-layout-column fusion_builder_column fusion-builder-column-1 fusion_builder_column_1_3 1_3 fusion-flex-column\" style=\"--awb-bg-color:rgba(190,218,195,0);--awb-bg-color-hover:rgba(190,218,195,0);--awb-bg-size:cover;--awb-width-large:33.333333333333%;--awb-margin-top-large:0px;--awb-spacing-right-large:5.76%;--awb-margin-bottom-large:20px;--awb-spacing-left-large:5.76%;--awb-width-medium:33.333333333333%;--awb-order-medium:0;--awb-spacing-right-medium:5.76%;--awb-spacing-left-medium:5.76%;--awb-width-small:100%;--awb-order-small:0;--awb-spacing-right-small:1.92%;--awb-spacing-left-small:1.92%;\" data-scroll-devices=\"small-visibility,medium-visibility,large-visibility\"><div class=\"fusion-column-wrapper fusion-column-has-shadow fusion-flex-justify-content-flex-start fusion-content-layout-column\"><div class=\"fusion-text fusion-text-2\"><h3>Allgem. Gyn\u00e4kologie<\/h3>\n<\/div><\/div><\/div><div class=\"fusion-layout-column fusion_builder_column fusion-builder-column-2 fusion_builder_column_2_3 2_3 fusion-flex-column\" style=\"--awb-bg-position:right top;--awb-bg-size:25%;--awb-width-large:66.666666666667%;--awb-margin-top-large:0px;--awb-spacing-right-large:2.88%;--awb-margin-bottom-large:20px;--awb-spacing-left-large:2.88%;--awb-width-medium:66.666666666667%;--awb-order-medium:0;--awb-spacing-right-medium:2.88%;--awb-spacing-left-medium:2.88%;--awb-width-small:100%;--awb-order-small:0;--awb-spacing-right-small:1.92%;--awb-spacing-left-small:1.92%;\" data-scroll-devices=\"small-visibility,medium-visibility,large-visibility\"><div class=\"fusion-column-wrapper fusion-column-has-shadow fusion-flex-justify-content-flex-start fusion-content-layout-column\"><div class=\"fusion-text fusion-text-3\"><ul>\n<li><a href=\"https:\/\/www.verhuetungsinfo.ch\" target=\"_blank\" rel=\"noopener\">Verh\u00fctungsinfo<\/a><\/li>\n<li><a href=\"https:\/\/www.lustundfrust.ch\/\" target=\"_blank\" rel=\"noopener\">Lust und Frust &#8211; Fachstelle f\u00fcr Sexualp\u00e4dagogik und Beratung<\/a><\/li>\n<li><a href=\"http:\/\/www.cpzh.ch\/\" target=\"_blank\" rel=\"noopener\">Checkpoint Z\u00fcrich<\/a><\/li>\n<li><a href=\"https:\/\/www.safezone.ch\/\" target=\"_blank\" rel=\"noopener\">Safezone &#8211; Online-Beratung zu Suchtfragen<\/a><\/li>\n<li><a href=\"https:\/\/www.msd-gesundheit.ch\/de\/hpv-info\" target=\"_blank\" rel=\"noopener\">HPV Infoportal<\/a><\/li>\n<li><a href=\"https:\/\/www.bag.admin.ch\/bag\/de\/home\/gesund-leben\/gesundheitsfoerderung-und-praevention\/impfungen-prophylaxe\/schweizerischer-impfplan.html\" target=\"_blank\" rel=\"noopener\">BAG Impfplan<\/a><\/li>\n<li><a href=\"https:\/\/www.ch.ch\/de\/search?q=Mutterschaft%20und%20Vaterschaft\" target=\"_blank\" rel=\"noopener\">Einfache Antworten zum Leben in der Schweiz<\/a><\/li>\n<\/ul>\n<\/div><\/div><\/div><\/div><\/div><div class=\"fusion-fullwidth fullwidth-box fusion-builder-row-3 fusion-flex-container has-pattern-background has-mask-background nonhundred-percent-fullwidth non-hundred-percent-height-scrolling\" style=\"--awb-border-radius-top-left:0px;--awb-border-radius-top-right:0px;--awb-border-radius-bottom-right:0px;--awb-border-radius-bottom-left:0px;--awb-padding-top:30px;--awb-padding-right:30px;--awb-padding-bottom:30px;--awb-padding-left:30px;--awb-margin-bottom:60px;--awb-background-color:rgba(214,223,235,0.76);--awb-flex-wrap:wrap;\" ><div class=\"fusion-builder-row fusion-row fusion-flex-align-items-flex-start fusion-flex-content-wrap\" style=\"max-width:1248px;margin-left: calc(-4% \/ 2 );margin-right: calc(-4% \/ 2 );\"><div class=\"fusion-layout-column fusion_builder_column fusion-builder-column-3 fusion_builder_column_1_3 1_3 fusion-flex-column\" style=\"--awb-bg-color:rgba(190,218,195,0);--awb-bg-color-hover:rgba(190,218,195,0);--awb-bg-size:cover;--awb-width-large:33.333333333333%;--awb-margin-top-large:0px;--awb-spacing-right-large:5.76%;--awb-margin-bottom-large:20px;--awb-spacing-left-large:5.76%;--awb-width-medium:33.333333333333%;--awb-order-medium:0;--awb-spacing-right-medium:5.76%;--awb-spacing-left-medium:5.76%;--awb-width-small:100%;--awb-order-small:0;--awb-spacing-right-small:1.92%;--awb-spacing-left-small:1.92%;\" data-scroll-devices=\"small-visibility,medium-visibility,large-visibility\"><div class=\"fusion-column-wrapper fusion-column-has-shadow fusion-flex-justify-content-flex-start fusion-content-layout-column\"><div class=\"fusion-text fusion-text-4\"><h3>Schwangerschaft erstes Trimester<\/h3>\n<\/div><\/div><\/div><div class=\"fusion-layout-column fusion_builder_column fusion-builder-column-4 fusion_builder_column_2_3 2_3 fusion-flex-column\" style=\"--awb-bg-position:right top;--awb-bg-size:25%;--awb-width-large:66.666666666667%;--awb-margin-top-large:0px;--awb-spacing-right-large:2.88%;--awb-margin-bottom-large:20px;--awb-spacing-left-large:2.88%;--awb-width-medium:66.666666666667%;--awb-order-medium:0;--awb-spacing-right-medium:2.88%;--awb-spacing-left-medium:2.88%;--awb-width-small:100%;--awb-order-small:0;--awb-spacing-right-small:1.92%;--awb-spacing-left-small:1.92%;\" data-scroll-devices=\"small-visibility,medium-visibility,large-visibility\"><div class=\"fusion-column-wrapper fusion-column-has-shadow fusion-flex-justify-content-flex-start fusion-content-layout-column\"><div class=\"fusion-text fusion-text-5\"><ul>\n<li><a href=\"https:\/\/www.swissmom.ch\/\" target=\"_blank\" rel=\"noopener\">Swissmom<\/a><\/li>\n<li><a href=\"https:\/\/www.seco.admin.ch\/seco\/de\/home\/Publikationen_Dienstleistungen\/Publikationen_und_Formulare\/Arbeit\/Arbeitsbedingungen\/Broschuren\/broschuere_mutterschutz.html\" target=\"_blank\" rel=\"noopener\">SECO &#8211; Mutterschutz &#8211; Information f\u00fcr Schwangere, Stillende und W\u00f6chnerinnen in einem Arbeitsverh\u00e4ltnis<\/a><\/li>\n<li><a href=\"https:\/\/www.seco.admin.ch\/seco\/de\/home\/Publikationen_Dienstleistungen\/Publikationen_und_Formulare\/Arbeit\/Arbeitsbedingungen\/Broschuren\/schutz-vor-psychosozialen-risiken-am-arbeitsplatz---informatione.html\" target=\"_blank\" rel=\"noopener\">SECO &#8211; Schutz vor psychosozialen Risiken am Arbeitsplatz &#8211; Informationen f\u00fcr Arbeitgeber und Arbeitgeberinnen<\/a><\/li>\n<li><a href=\"https:\/\/www.shmk.ch\/\" target=\"_blank\" rel=\"noopener\">Schweizerische Hilfe f\u00fcr Mutter und Kind<\/a><\/li>\n<\/ul>\n<\/div><\/div><\/div><\/div><\/div><div class=\"fusion-fullwidth fullwidth-box fusion-builder-row-4 fusion-flex-container has-pattern-background has-mask-background nonhundred-percent-fullwidth non-hundred-percent-height-scrolling\" style=\"--awb-border-radius-top-left:0px;--awb-border-radius-top-right:0px;--awb-border-radius-bottom-right:0px;--awb-border-radius-bottom-left:0px;--awb-padding-top:30px;--awb-padding-right:30px;--awb-padding-bottom:30px;--awb-padding-left:30px;--awb-margin-bottom:60px;--awb-background-color:rgba(190,218,195,0.65);--awb-flex-wrap:wrap;\" ><div class=\"fusion-builder-row fusion-row fusion-flex-align-items-flex-start fusion-flex-content-wrap\" style=\"max-width:1248px;margin-left: calc(-4% \/ 2 );margin-right: calc(-4% \/ 2 );\"><div class=\"fusion-layout-column fusion_builder_column fusion-builder-column-5 fusion_builder_column_1_3 1_3 fusion-flex-column\" style=\"--awb-bg-color:rgba(190,218,195,0);--awb-bg-color-hover:rgba(190,218,195,0);--awb-bg-size:cover;--awb-width-large:33.333333333333%;--awb-margin-top-large:0px;--awb-spacing-right-large:5.76%;--awb-margin-bottom-large:20px;--awb-spacing-left-large:5.76%;--awb-width-medium:33.333333333333%;--awb-order-medium:0;--awb-spacing-right-medium:5.76%;--awb-spacing-left-medium:5.76%;--awb-width-small:100%;--awb-order-small:0;--awb-spacing-right-small:1.92%;--awb-spacing-left-small:1.92%;\" data-scroll-devices=\"small-visibility,medium-visibility,large-visibility\"><div class=\"fusion-column-wrapper fusion-column-has-shadow fusion-flex-justify-content-flex-start fusion-content-layout-column\"><div class=\"fusion-text fusion-text-6\"><h3>Schwangerschaft zweites und drittes Trimester<\/h3>\n<\/div><\/div><\/div><div class=\"fusion-layout-column fusion_builder_column fusion-builder-column-6 fusion_builder_column_2_3 2_3 fusion-flex-column\" style=\"--awb-bg-position:right top;--awb-bg-size:25%;--awb-width-large:66.666666666667%;--awb-margin-top-large:0px;--awb-spacing-right-large:2.88%;--awb-margin-bottom-large:20px;--awb-spacing-left-large:2.88%;--awb-width-medium:66.666666666667%;--awb-order-medium:0;--awb-spacing-right-medium:2.88%;--awb-spacing-left-medium:2.88%;--awb-width-small:100%;--awb-order-small:0;--awb-spacing-right-small:1.92%;--awb-spacing-left-small:1.92%;\" data-scroll-devices=\"small-visibility,medium-visibility,large-visibility\"><div class=\"fusion-column-wrapper fusion-column-has-shadow fusion-flex-justify-content-flex-start fusion-content-layout-column\"><div class=\"fusion-text fusion-text-7\"><p><a href=\"https:\/\/wochenbettbetreuung.ch\" target=\"_blank\" rel=\"noopener\">Eine Hebamme finden<\/a><br \/>\n<a href=\"https:\/\/www.vita34.ch\" target=\"_blank\" rel=\"noopener\">Stammzellen:Vita34<\/a><br \/>\n<a href=\"https:\/\/famicord.ch\" target=\"_blank\" rel=\"noopener\">Stammzellen:FamiCord<\/a><br \/>\n<a href=\"https:\/\/futurehealthbiobank.com\/ch-de\/warum-zellen-aus-dem-zahnmark-einlagern\/\" target=\"_blank\" rel=\"noopener\">Zahnmark:FutureHealth<\/a><\/p>\n<\/div><\/div><\/div><\/div><\/div><\/p>\n","protected":false},"excerpt":{"rendered":"","protected":false},"author":2,"featured_media":0,"parent":0,"menu_order":0,"comment_status":"closed","ping_status":"closed","template":"","meta":{"footnotes":""},"class_list":["post-385","page","type-page","status-publish","hentry"],"yoast_head":"<!-- This site is optimized with the Yoast SEO plugin v27.4 - https:\/\/yoast.com\/product\/yoast-seo-wordpress\/ -->\n<title>Wissenswertes - PRAXIS Vive la vie!<\/title>\n<meta name=\"description\" content=\"Dr. med. Isabel Ihnenfeld, Fach\u00e4rztin f\u00fcr Gyn\u00e4kologie und Geburtshilfe mit Schwerpunkt auf operative Gyn\u00e4kologie, Urogyn\u00e4kologie, Endometriose und Beckenbodenbeschwerden.\" \/>\n<meta name=\"robots\" content=\"index, follow, max-snippet:-1, max-image-preview:large, max-video-preview:-1\" \/>\n<link rel=\"canonical\" href=\"https:\/\/praxisvivelavie.ch\/?page_id=385\" \/>\n<meta property=\"og:locale\" content=\"de_DE\" \/>\n<meta property=\"og:type\" content=\"article\" \/>\n<meta property=\"og:title\" content=\"Wissenswertes - PRAXIS Vive la vie!\" \/>\n<meta property=\"og:description\" content=\"Dr. med. Isabel Ihnenfeld, Fach\u00e4rztin f\u00fcr Gyn\u00e4kologie und Geburtshilfe mit Schwerpunkt auf operative Gyn\u00e4kologie, Urogyn\u00e4kologie, Endometriose und Beckenbodenbeschwerden.\" \/>\n<meta property=\"og:url\" content=\"https:\/\/praxisvivelavie.ch\/?page_id=385\" \/>\n<meta property=\"og:site_name\" content=\"PRAXIS Vive la vie!\" \/>\n<meta property=\"article:modified_time\" content=\"2026-03-09T20:26:30+00:00\" \/>\n<meta property=\"og:image\" content=\"https:\/\/praxisvivelavie.ch\/wp-content\/uploads\/2026\/01\/vievlavie_logo_kompakt_rechts.webp\" \/>\n\t<meta property=\"og:image:width\" content=\"534\" \/>\n\t<meta property=\"og:image:height\" content=\"375\" \/>\n\t<meta property=\"og:image:type\" content=\"image\/webp\" \/>\n<meta name=\"twitter:card\" content=\"summary_large_image\" \/>\n<meta name=\"twitter:label1\" content=\"Gesch\u00e4tzte Lesezeit\" \/>\n\t<meta name=\"twitter:data1\" content=\"1\u00a0Minute\" \/>\n<script type=\"application\/ld+json\" class=\"yoast-schema-graph\">{\"@context\":\"https:\\\/\\\/schema.org\",\"@graph\":[{\"@type\":\"WebPage\",\"@id\":\"https:\\\/\\\/praxisvivelavie.ch\\\/?page_id=385\",\"url\":\"https:\\\/\\\/praxisvivelavie.ch\\\/?page_id=385\",\"name\":\"Wissenswertes - PRAXIS Vive la vie!\",\"isPartOf\":{\"@id\":\"https:\\\/\\\/praxisvivelavie.ch\\\/#website\"},\"datePublished\":\"2026-03-04T13:18:57+00:00\",\"dateModified\":\"2026-03-09T20:26:30+00:00\",\"description\":\"Dr. med. Isabel Ihnenfeld, Fach\u00e4rztin f\u00fcr Gyn\u00e4kologie und Geburtshilfe mit Schwerpunkt auf operative Gyn\u00e4kologie, Urogyn\u00e4kologie, Endometriose und Beckenbodenbeschwerden.\",\"breadcrumb\":{\"@id\":\"https:\\\/\\\/praxisvivelavie.ch\\\/?page_id=385#breadcrumb\"},\"inLanguage\":\"de\",\"potentialAction\":[{\"@type\":\"ReadAction\",\"target\":[\"https:\\\/\\\/praxisvivelavie.ch\\\/?page_id=385\"]}]},{\"@type\":\"BreadcrumbList\",\"@id\":\"https:\\\/\\\/praxisvivelavie.ch\\\/?page_id=385#breadcrumb\",\"itemListElement\":[{\"@type\":\"ListItem\",\"position\":1,\"name\":\"Start\",\"item\":\"https:\\\/\\\/praxisvivelavie.ch\\\/\"},{\"@type\":\"ListItem\",\"position\":2,\"name\":\"Wissenswertes\"}]},{\"@type\":\"WebSite\",\"@id\":\"https:\\\/\\\/praxisvivelavie.ch\\\/#website\",\"url\":\"https:\\\/\\\/praxisvivelavie.ch\\\/\",\"name\":\"Vive la vie!\",\"description\":\"Praxis f\u00fcr die Frau\",\"publisher\":{\"@id\":\"https:\\\/\\\/praxisvivelavie.ch\\\/#organization\"},\"potentialAction\":[{\"@type\":\"SearchAction\",\"target\":{\"@type\":\"EntryPoint\",\"urlTemplate\":\"https:\\\/\\\/praxisvivelavie.ch\\\/?s={search_term_string}\"},\"query-input\":{\"@type\":\"PropertyValueSpecification\",\"valueRequired\":true,\"valueName\":\"search_term_string\"}}],\"inLanguage\":\"de\"},{\"@type\":\"Organization\",\"@id\":\"https:\\\/\\\/praxisvivelavie.ch\\\/#organization\",\"name\":\"Vive la vie!\",\"url\":\"https:\\\/\\\/praxisvivelavie.ch\\\/\",\"logo\":{\"@type\":\"ImageObject\",\"inLanguage\":\"de\",\"@id\":\"https:\\\/\\\/praxisvivelavie.ch\\\/#\\\/schema\\\/logo\\\/image\\\/\",\"url\":\"https:\\\/\\\/praxisvivelavie.ch\\\/wp-content\\\/uploads\\\/2026\\\/01\\\/vivelavie_logo_lang.webp\",\"contentUrl\":\"https:\\\/\\\/praxisvivelavie.ch\\\/wp-content\\\/uploads\\\/2026\\\/01\\\/vivelavie_logo_lang.webp\",\"width\":1730,\"height\":638,\"caption\":\"Vive la vie!\"},\"image\":{\"@id\":\"https:\\\/\\\/praxisvivelavie.ch\\\/#\\\/schema\\\/logo\\\/image\\\/\"}}]}<\/script>\n<!-- \/ Yoast SEO plugin. -->","yoast_head_json":{"title":"Wissenswertes - PRAXIS Vive la vie!","description":"Dr. med. Isabel Ihnenfeld, Fach\u00e4rztin f\u00fcr Gyn\u00e4kologie und Geburtshilfe mit Schwerpunkt auf operative Gyn\u00e4kologie, Urogyn\u00e4kologie, Endometriose und Beckenbodenbeschwerden.","robots":{"index":"index","follow":"follow","max-snippet":"max-snippet:-1","max-image-preview":"max-image-preview:large","max-video-preview":"max-video-preview:-1"},"canonical":"https:\/\/praxisvivelavie.ch\/?page_id=385","og_locale":"de_DE","og_type":"article","og_title":"Wissenswertes - PRAXIS Vive la vie!","og_description":"Dr. med. Isabel Ihnenfeld, Fach\u00e4rztin f\u00fcr Gyn\u00e4kologie und Geburtshilfe mit Schwerpunkt auf operative Gyn\u00e4kologie, Urogyn\u00e4kologie, Endometriose und Beckenbodenbeschwerden.","og_url":"https:\/\/praxisvivelavie.ch\/?page_id=385","og_site_name":"PRAXIS Vive la vie!","article_modified_time":"2026-03-09T20:26:30+00:00","og_image":[{"width":534,"height":375,"url":"https:\/\/praxisvivelavie.ch\/wp-content\/uploads\/2026\/01\/vievlavie_logo_kompakt_rechts.webp","type":"image\/webp"}],"twitter_card":"summary_large_image","twitter_misc":{"Gesch\u00e4tzte Lesezeit":"1\u00a0Minute"},"schema":{"@context":"https:\/\/schema.org","@graph":[{"@type":"WebPage","@id":"https:\/\/praxisvivelavie.ch\/?page_id=385","url":"https:\/\/praxisvivelavie.ch\/?page_id=385","name":"Wissenswertes - PRAXIS Vive la vie!","isPartOf":{"@id":"https:\/\/praxisvivelavie.ch\/#website"},"datePublished":"2026-03-04T13:18:57+00:00","dateModified":"2026-03-09T20:26:30+00:00","description":"Dr. med. Isabel Ihnenfeld, Fach\u00e4rztin f\u00fcr Gyn\u00e4kologie und Geburtshilfe mit Schwerpunkt auf operative Gyn\u00e4kologie, Urogyn\u00e4kologie, Endometriose und Beckenbodenbeschwerden.","breadcrumb":{"@id":"https:\/\/praxisvivelavie.ch\/?page_id=385#breadcrumb"},"inLanguage":"de","potentialAction":[{"@type":"ReadAction","target":["https:\/\/praxisvivelavie.ch\/?page_id=385"]}]},{"@type":"BreadcrumbList","@id":"https:\/\/praxisvivelavie.ch\/?page_id=385#breadcrumb","itemListElement":[{"@type":"ListItem","position":1,"name":"Start","item":"https:\/\/praxisvivelavie.ch\/"},{"@type":"ListItem","position":2,"name":"Wissenswertes"}]},{"@type":"WebSite","@id":"https:\/\/praxisvivelavie.ch\/#website","url":"https:\/\/praxisvivelavie.ch\/","name":"Vive la vie!","description":"Praxis f\u00fcr die Frau","publisher":{"@id":"https:\/\/praxisvivelavie.ch\/#organization"},"potentialAction":[{"@type":"SearchAction","target":{"@type":"EntryPoint","urlTemplate":"https:\/\/praxisvivelavie.ch\/?s={search_term_string}"},"query-input":{"@type":"PropertyValueSpecification","valueRequired":true,"valueName":"search_term_string"}}],"inLanguage":"de"},{"@type":"Organization","@id":"https:\/\/praxisvivelavie.ch\/#organization","name":"Vive la vie!","url":"https:\/\/praxisvivelavie.ch\/","logo":{"@type":"ImageObject","inLanguage":"de","@id":"https:\/\/praxisvivelavie.ch\/#\/schema\/logo\/image\/","url":"https:\/\/praxisvivelavie.ch\/wp-content\/uploads\/2026\/01\/vivelavie_logo_lang.webp","contentUrl":"https:\/\/praxisvivelavie.ch\/wp-content\/uploads\/2026\/01\/vivelavie_logo_lang.webp","width":1730,"height":638,"caption":"Vive la vie!"},"image":{"@id":"https:\/\/praxisvivelavie.ch\/#\/schema\/logo\/image\/"}}]}},"_links":{"self":[{"href":"https:\/\/praxisvivelavie.ch\/index.php?rest_route=\/wp\/v2\/pages\/385","targetHints":{"allow":["GET"]}}],"collection":[{"href":"https:\/\/praxisvivelavie.ch\/index.php?rest_route=\/wp\/v2\/pages"}],"about":[{"href":"https:\/\/praxisvivelavie.ch\/index.php?rest_route=\/wp\/v2\/types\/page"}],"author":[{"embeddable":true,"href":"https:\/\/praxisvivelavie.ch\/index.php?rest_route=\/wp\/v2\/users\/2"}],"replies":[{"embeddable":true,"href":"https:\/\/praxisvivelavie.ch\/index.php?rest_route=%2Fwp%2Fv2%2Fcomments&post=385"}],"version-history":[{"count":16,"href":"https:\/\/praxisvivelavie.ch\/index.php?rest_route=\/wp\/v2\/pages\/385\/revisions"}],"predecessor-version":[{"id":495,"href":"https:\/\/praxisvivelavie.ch\/index.php?rest_route=\/wp\/v2\/pages\/385\/revisions\/495"}],"wp:attachment":[{"href":"https:\/\/praxisvivelavie.ch\/index.php?rest_route=%2Fwp%2Fv2%2Fmedia&parent=385"}],"curies":[{"name":"wp","href":"https:\/\/api.w.org\/{rel}","templated":true}]}}