{"id":236,"date":"2026-03-04T10:24:57","date_gmt":"2026-03-04T09:24:57","guid":{"rendered":"https:\/\/praxisvivelavie.ch\/?page_id=236"},"modified":"2026-03-04T11:08:00","modified_gmt":"2026-03-04T10:08:00","slug":"team-und-praxis","status":"publish","type":"page","link":"https:\/\/praxisvivelavie.ch\/?page_id=236","title":{"rendered":"Team und Praxis"},"content":{"rendered":"<div class=\"fusion-fullwidth fullwidth-box fusion-builder-row-1 fusion-flex-container has-pattern-background has-mask-background nonhundred-percent-fullwidth non-hundred-percent-height-scrolling fusion-animated\" style=\"--awb-border-color:var(--awb-color1);--awb-border-radius-top-left:0px;--awb-border-radius-top-right:0px;--awb-border-radius-bottom-right:0px;--awb-border-radius-bottom-left:0px;--awb-padding-right:0px;--awb-padding-left:0px;--awb-margin-top:0px;--awb-margin-bottom:0px;--awb-flex-wrap:wrap;\" data-animationType=\"fadeIn\" data-animationDuration=\"0.9\" data-animationOffset=\"top-into-view\" ><div class=\"fusion-builder-row fusion-row fusion-flex-align-items-flex-start fusion-flex-justify-content-center fusion-flex-content-wrap\" style=\"max-width:1248px;margin-left: calc(-4% \/ 2 );margin-right: calc(-4% \/ 2 );\"><div class=\"fusion-layout-column fusion_builder_column fusion-builder-column-0 fusion_builder_column_2_3 2_3 fusion-flex-column\" style=\"--awb-bg-size:cover;--awb-width-large:66.666666666667%;--awb-margin-top-large:0px;--awb-spacing-right-large:2.88%;--awb-margin-bottom-large:20px;--awb-spacing-left-large:2.88%;--awb-width-medium:66.666666666667%;--awb-order-medium:0;--awb-spacing-right-medium:2.88%;--awb-spacing-left-medium:2.88%;--awb-width-small:100%;--awb-order-small:0;--awb-spacing-right-small:1.92%;--awb-spacing-left-small:1.92%;\"><div class=\"fusion-column-wrapper fusion-column-has-shadow fusion-flex-justify-content-flex-start fusion-content-layout-column\"><div class=\"fusion-image-element \" style=\"--awb-caption-title-font-family:var(--h2_typography-font-family);--awb-caption-title-font-weight:var(--h2_typography-font-weight);--awb-caption-title-font-style:var(--h2_typography-font-style);--awb-caption-title-size:var(--h2_typography-font-size);--awb-caption-title-transform:var(--h2_typography-text-transform);--awb-caption-title-line-height:var(--h2_typography-line-height);--awb-caption-title-letter-spacing:var(--h2_typography-letter-spacing);\"><span class=\" fusion-imageframe imageframe-none imageframe-1 hover-type-none\"><img decoding=\"async\" width=\"1024\" height=\"786\" title=\"wartebereich\" src=\"https:\/\/praxisvivelavie.ch\/wp-content\/uploads\/2026\/03\/wartebereich-1024x786.jpg\" alt class=\"img-responsive wp-image-246\" srcset=\"https:\/\/praxisvivelavie.ch\/wp-content\/uploads\/2026\/03\/wartebereich-200x154.jpg 200w, https:\/\/praxisvivelavie.ch\/wp-content\/uploads\/2026\/03\/wartebereich-400x307.jpg 400w, https:\/\/praxisvivelavie.ch\/wp-content\/uploads\/2026\/03\/wartebereich-600x461.jpg 600w, https:\/\/praxisvivelavie.ch\/wp-content\/uploads\/2026\/03\/wartebereich-800x614.jpg 800w, https:\/\/praxisvivelavie.ch\/wp-content\/uploads\/2026\/03\/wartebereich-1200x921.jpg 1200w\" sizes=\"(max-width: 640px) 100vw, 800px\" \/><\/span><\/div><\/div><\/div><div class=\"fusion-layout-column fusion_builder_column fusion-builder-column-1 fusion_builder_column_1_3 1_3 fusion-flex-column\" style=\"--awb-padding-top:60px;--awb-padding-right:60px;--awb-padding-bottom:60px;--awb-padding-left:60px;--awb-padding-top-small:60px;--awb-padding-right-small:60px;--awb-padding-bottom-small:60px;--awb-padding-left-small:60px;--awb-bg-color:var(--awb-color6);--awb-bg-color-hover:var(--awb-color6);--awb-bg-position:right center;--awb-bg-size:cover;--awb-width-large:33.333333333333%;--awb-flex-shrink:400px;--awb-margin-top-large:0px;--awb-spacing-right-large:0px;--awb-margin-bottom-large:20px;--awb-spacing-left-large:0px;--awb-width-medium:33.333333333333%;--awb-order-medium:0;--awb-spacing-right-medium:0px;--awb-spacing-left-medium:0px;--awb-width-small:100%;--awb-order-small:0;--awb-spacing-right-small:1.92%;--awb-spacing-left-small:1.92%;\" data-scroll-devices=\"small-visibility,medium-visibility,large-visibility\"><div class=\"fusion-column-wrapper fusion-column-has-shadow fusion-flex-justify-content-flex-start fusion-content-layout-column\"><div class=\"fusion-image-element \" style=\"--awb-margin-top:30px;--awb-margin-bottom:30px;--awb-max-width:200px;--awb-caption-title-font-family:var(--h2_typography-font-family);--awb-caption-title-font-weight:var(--h2_typography-font-weight);--awb-caption-title-font-style:var(--h2_typography-font-style);--awb-caption-title-size:var(--h2_typography-font-size);--awb-caption-title-transform:var(--h2_typography-text-transform);--awb-caption-title-line-height:var(--h2_typography-line-height);--awb-caption-title-letter-spacing:var(--h2_typography-letter-spacing);\"><span class=\" fusion-imageframe imageframe-none imageframe-2 hover-type-none\"><a class=\"fusion-no-lightbox\" href=\"https:\/\/www.vivahub.ch\/\" target=\"_blank\" aria-label=\"vivahub-logo\" rel=\"noopener noreferrer\"><img decoding=\"async\" width=\"600\" height=\"404\" alt=\"Logo VIva Hub\" src=\"https:\/\/praxisvivelavie.ch\/wp-content\/uploads\/2026\/03\/vivahub-logo.png\" class=\"img-responsive wp-image-259\" srcset=\"https:\/\/praxisvivelavie.ch\/wp-content\/uploads\/2026\/03\/vivahub-logo-200x135.png 200w, https:\/\/praxisvivelavie.ch\/wp-content\/uploads\/2026\/03\/vivahub-logo-400x269.png 400w, https:\/\/praxisvivelavie.ch\/wp-content\/uploads\/2026\/03\/vivahub-logo.png 600w\" sizes=\"(max-width: 640px) 100vw, 400px\" \/><\/a><\/span><\/div><div class=\"fusion-text fusion-text-1\"><p>Gerne empfangen wir Sie im Gesundheitszentrum Viva Hub. Das Viva Hub-Team steht Ihnen jederzeit f\u00fcr alle Fragen und Anliegen rund um Ihren Besuch in meiner Praxis zur Seite.<\/p>\n<p>So finden Sie uns:<\/p>\n<\/div><div ><a class=\"fusion-button button-flat fusion-button-default-size button-custom fusion-button-default button-1 fusion-button-default-span fusion-button-default-type\" style=\"--button_accent_color:var(--awb-color1);--button_accent_hover_color:var(--awb-color1);--button_border_hover_color:var(--awb-color1);--button_gradient_top_color:var(--awb-color8);--button_gradient_bottom_color:var(--awb-color8);--button_gradient_top_color_hover:var(--awb-color3);--button_gradient_bottom_color_hover:var(--awb-color3);\" target=\"_self\" title=\"Kontakt &amp; Anfahrt\" aria-label=\"Kontakt &amp; Anfahrt\" href=\"https:\/\/praxisvivelavie.ch\/?page_id=205\"><i class=\"fa-street-view fas awb-button__icon awb-button__icon--default button-icon-left\" aria-hidden=\"true\"><\/i><span class=\"fusion-button-text awb-button__text awb-button__text--default\">Kontakt &amp; Anfahrt<\/span><\/a><\/div>\n<\/div><\/div><\/div><\/div>\n","protected":false},"excerpt":{"rendered":"","protected":false},"author":2,"featured_media":0,"parent":0,"menu_order":0,"comment_status":"closed","ping_status":"closed","template":"","meta":{"footnotes":""},"class_list":["post-236","page","type-page","status-publish","hentry"],"yoast_head":"<!-- This site is optimized with the Yoast SEO plugin v27.4 - https:\/\/yoast.com\/product\/yoast-seo-wordpress\/ -->\n<title>Team und Praxis - PRAXIS Vive la vie!<\/title>\n<meta name=\"description\" content=\"Dr. med. Isabel Ihnenfeld, Fach\u00e4rztin f\u00fcr Gyn\u00e4kologie und Geburtshilfe mit Schwerpunkt auf operative Gyn\u00e4kologie, Urogyn\u00e4kologie, Endometriose und Beckenbodenbeschwerden.\" \/>\n<meta name=\"robots\" content=\"index, follow, max-snippet:-1, max-image-preview:large, max-video-preview:-1\" \/>\n<link rel=\"canonical\" href=\"https:\/\/praxisvivelavie.ch\/?page_id=236\" \/>\n<meta property=\"og:locale\" content=\"de_DE\" \/>\n<meta property=\"og:type\" content=\"article\" \/>\n<meta property=\"og:title\" content=\"Team und Praxis - PRAXIS Vive la vie!\" \/>\n<meta property=\"og:description\" content=\"Dr. med. Isabel Ihnenfeld, Fach\u00e4rztin f\u00fcr Gyn\u00e4kologie und Geburtshilfe mit Schwerpunkt auf operative Gyn\u00e4kologie, Urogyn\u00e4kologie, Endometriose und Beckenbodenbeschwerden.\" \/>\n<meta property=\"og:url\" content=\"https:\/\/praxisvivelavie.ch\/?page_id=236\" \/>\n<meta property=\"og:site_name\" content=\"PRAXIS Vive la vie!\" \/>\n<meta property=\"article:modified_time\" content=\"2026-03-04T10:08:00+00:00\" \/>\n<meta property=\"og:image\" content=\"https:\/\/praxisvivelavie.ch\/wp-content\/uploads\/2026\/01\/vievlavie_logo_kompakt_rechts.webp\" \/>\n\t<meta property=\"og:image:width\" content=\"534\" \/>\n\t<meta property=\"og:image:height\" content=\"375\" \/>\n\t<meta property=\"og:image:type\" content=\"image\/webp\" \/>\n<meta name=\"twitter:card\" content=\"summary_large_image\" \/>\n<meta name=\"twitter:label1\" content=\"Gesch\u00e4tzte Lesezeit\" \/>\n\t<meta name=\"twitter:data1\" content=\"1\u00a0Minute\" \/>\n<script type=\"application\/ld+json\" class=\"yoast-schema-graph\">{\"@context\":\"https:\\\/\\\/schema.org\",\"@graph\":[{\"@type\":\"WebPage\",\"@id\":\"https:\\\/\\\/praxisvivelavie.ch\\\/?page_id=236\",\"url\":\"https:\\\/\\\/praxisvivelavie.ch\\\/?page_id=236\",\"name\":\"Team und Praxis - PRAXIS Vive la vie!\",\"isPartOf\":{\"@id\":\"https:\\\/\\\/praxisvivelavie.ch\\\/#website\"},\"datePublished\":\"2026-03-04T09:24:57+00:00\",\"dateModified\":\"2026-03-04T10:08:00+00:00\",\"description\":\"Dr. med. Isabel Ihnenfeld, Fach\u00e4rztin f\u00fcr Gyn\u00e4kologie und Geburtshilfe mit Schwerpunkt auf operative Gyn\u00e4kologie, Urogyn\u00e4kologie, Endometriose und Beckenbodenbeschwerden.\",\"breadcrumb\":{\"@id\":\"https:\\\/\\\/praxisvivelavie.ch\\\/?page_id=236#breadcrumb\"},\"inLanguage\":\"de\",\"potentialAction\":[{\"@type\":\"ReadAction\",\"target\":[\"https:\\\/\\\/praxisvivelavie.ch\\\/?page_id=236\"]}]},{\"@type\":\"BreadcrumbList\",\"@id\":\"https:\\\/\\\/praxisvivelavie.ch\\\/?page_id=236#breadcrumb\",\"itemListElement\":[{\"@type\":\"ListItem\",\"position\":1,\"name\":\"Start\",\"item\":\"https:\\\/\\\/praxisvivelavie.ch\\\/\"},{\"@type\":\"ListItem\",\"position\":2,\"name\":\"Team und Praxis\"}]},{\"@type\":\"WebSite\",\"@id\":\"https:\\\/\\\/praxisvivelavie.ch\\\/#website\",\"url\":\"https:\\\/\\\/praxisvivelavie.ch\\\/\",\"name\":\"Vive la vie!\",\"description\":\"Praxis f\u00fcr die Frau\",\"publisher\":{\"@id\":\"https:\\\/\\\/praxisvivelavie.ch\\\/#organization\"},\"potentialAction\":[{\"@type\":\"SearchAction\",\"target\":{\"@type\":\"EntryPoint\",\"urlTemplate\":\"https:\\\/\\\/praxisvivelavie.ch\\\/?s={search_term_string}\"},\"query-input\":{\"@type\":\"PropertyValueSpecification\",\"valueRequired\":true,\"valueName\":\"search_term_string\"}}],\"inLanguage\":\"de\"},{\"@type\":\"Organization\",\"@id\":\"https:\\\/\\\/praxisvivelavie.ch\\\/#organization\",\"name\":\"Vive la vie!\",\"url\":\"https:\\\/\\\/praxisvivelavie.ch\\\/\",\"logo\":{\"@type\":\"ImageObject\",\"inLanguage\":\"de\",\"@id\":\"https:\\\/\\\/praxisvivelavie.ch\\\/#\\\/schema\\\/logo\\\/image\\\/\",\"url\":\"https:\\\/\\\/praxisvivelavie.ch\\\/wp-content\\\/uploads\\\/2026\\\/01\\\/vivelavie_logo_lang.webp\",\"contentUrl\":\"https:\\\/\\\/praxisvivelavie.ch\\\/wp-content\\\/uploads\\\/2026\\\/01\\\/vivelavie_logo_lang.webp\",\"width\":1730,\"height\":638,\"caption\":\"Vive la vie!\"},\"image\":{\"@id\":\"https:\\\/\\\/praxisvivelavie.ch\\\/#\\\/schema\\\/logo\\\/image\\\/\"}}]}<\/script>\n<!-- \/ Yoast SEO plugin. -->","yoast_head_json":{"title":"Team und Praxis - PRAXIS Vive la vie!","description":"Dr. med. Isabel Ihnenfeld, Fach\u00e4rztin f\u00fcr Gyn\u00e4kologie und Geburtshilfe mit Schwerpunkt auf operative Gyn\u00e4kologie, Urogyn\u00e4kologie, Endometriose und Beckenbodenbeschwerden.","robots":{"index":"index","follow":"follow","max-snippet":"max-snippet:-1","max-image-preview":"max-image-preview:large","max-video-preview":"max-video-preview:-1"},"canonical":"https:\/\/praxisvivelavie.ch\/?page_id=236","og_locale":"de_DE","og_type":"article","og_title":"Team und Praxis - PRAXIS Vive la vie!","og_description":"Dr. med. Isabel Ihnenfeld, Fach\u00e4rztin f\u00fcr Gyn\u00e4kologie und Geburtshilfe mit Schwerpunkt auf operative Gyn\u00e4kologie, Urogyn\u00e4kologie, Endometriose und Beckenbodenbeschwerden.","og_url":"https:\/\/praxisvivelavie.ch\/?page_id=236","og_site_name":"PRAXIS Vive la vie!","article_modified_time":"2026-03-04T10:08:00+00:00","og_image":[{"width":534,"height":375,"url":"https:\/\/praxisvivelavie.ch\/wp-content\/uploads\/2026\/01\/vievlavie_logo_kompakt_rechts.webp","type":"image\/webp"}],"twitter_card":"summary_large_image","twitter_misc":{"Gesch\u00e4tzte Lesezeit":"1\u00a0Minute"},"schema":{"@context":"https:\/\/schema.org","@graph":[{"@type":"WebPage","@id":"https:\/\/praxisvivelavie.ch\/?page_id=236","url":"https:\/\/praxisvivelavie.ch\/?page_id=236","name":"Team und Praxis - PRAXIS Vive la vie!","isPartOf":{"@id":"https:\/\/praxisvivelavie.ch\/#website"},"datePublished":"2026-03-04T09:24:57+00:00","dateModified":"2026-03-04T10:08:00+00:00","description":"Dr. med. Isabel Ihnenfeld, Fach\u00e4rztin f\u00fcr Gyn\u00e4kologie und Geburtshilfe mit Schwerpunkt auf operative Gyn\u00e4kologie, Urogyn\u00e4kologie, Endometriose und Beckenbodenbeschwerden.","breadcrumb":{"@id":"https:\/\/praxisvivelavie.ch\/?page_id=236#breadcrumb"},"inLanguage":"de","potentialAction":[{"@type":"ReadAction","target":["https:\/\/praxisvivelavie.ch\/?page_id=236"]}]},{"@type":"BreadcrumbList","@id":"https:\/\/praxisvivelavie.ch\/?page_id=236#breadcrumb","itemListElement":[{"@type":"ListItem","position":1,"name":"Start","item":"https:\/\/praxisvivelavie.ch\/"},{"@type":"ListItem","position":2,"name":"Team und Praxis"}]},{"@type":"WebSite","@id":"https:\/\/praxisvivelavie.ch\/#website","url":"https:\/\/praxisvivelavie.ch\/","name":"Vive la vie!","description":"Praxis f\u00fcr die Frau","publisher":{"@id":"https:\/\/praxisvivelavie.ch\/#organization"},"potentialAction":[{"@type":"SearchAction","target":{"@type":"EntryPoint","urlTemplate":"https:\/\/praxisvivelavie.ch\/?s={search_term_string}"},"query-input":{"@type":"PropertyValueSpecification","valueRequired":true,"valueName":"search_term_string"}}],"inLanguage":"de"},{"@type":"Organization","@id":"https:\/\/praxisvivelavie.ch\/#organization","name":"Vive la vie!","url":"https:\/\/praxisvivelavie.ch\/","logo":{"@type":"ImageObject","inLanguage":"de","@id":"https:\/\/praxisvivelavie.ch\/#\/schema\/logo\/image\/","url":"https:\/\/praxisvivelavie.ch\/wp-content\/uploads\/2026\/01\/vivelavie_logo_lang.webp","contentUrl":"https:\/\/praxisvivelavie.ch\/wp-content\/uploads\/2026\/01\/vivelavie_logo_lang.webp","width":1730,"height":638,"caption":"Vive la vie!"},"image":{"@id":"https:\/\/praxisvivelavie.ch\/#\/schema\/logo\/image\/"}}]}},"_links":{"self":[{"href":"https:\/\/praxisvivelavie.ch\/index.php?rest_route=\/wp\/v2\/pages\/236","targetHints":{"allow":["GET"]}}],"collection":[{"href":"https:\/\/praxisvivelavie.ch\/index.php?rest_route=\/wp\/v2\/pages"}],"about":[{"href":"https:\/\/praxisvivelavie.ch\/index.php?rest_route=\/wp\/v2\/types\/page"}],"author":[{"embeddable":true,"href":"https:\/\/praxisvivelavie.ch\/index.php?rest_route=\/wp\/v2\/users\/2"}],"replies":[{"embeddable":true,"href":"https:\/\/praxisvivelavie.ch\/index.php?rest_route=%2Fwp%2Fv2%2Fcomments&post=236"}],"version-history":[{"count":25,"href":"https:\/\/praxisvivelavie.ch\/index.php?rest_route=\/wp\/v2\/pages\/236\/revisions"}],"predecessor-version":[{"id":332,"href":"https:\/\/praxisvivelavie.ch\/index.php?rest_route=\/wp\/v2\/pages\/236\/revisions\/332"}],"wp:attachment":[{"href":"https:\/\/praxisvivelavie.ch\/index.php?rest_route=%2Fwp%2Fv2%2Fmedia&parent=236"}],"curies":[{"name":"wp","href":"https:\/\/api.w.org\/{rel}","templated":true}]}}