{"id":233,"date":"2026-03-04T10:24:56","date_gmt":"2026-03-04T09:24:56","guid":{"rendered":"https:\/\/praxisvivelavie.ch\/?page_id=233"},"modified":"2026-03-09T09:24:16","modified_gmt":"2026-03-09T08:24:16","slug":"home-3","status":"publish","type":"page","link":"https:\/\/praxisvivelavie.ch\/?page_id=233","title":{"rendered":"Angebote und Sprechstunden"},"content":{"rendered":"<p><div class=\"fusion-fullwidth fullwidth-box fusion-builder-row-1 fusion-flex-container has-pattern-background has-mask-background nonhundred-percent-fullwidth non-hundred-percent-height-scrolling\" style=\"--awb-border-radius-top-left:0px;--awb-border-radius-top-right:0px;--awb-border-radius-bottom-right:0px;--awb-border-radius-bottom-left:0px;--awb-margin-bottom:60px;--awb-flex-wrap:wrap;\" ><div class=\"fusion-builder-row fusion-row fusion-flex-align-items-flex-start fusion-flex-content-wrap\" style=\"max-width:1248px;margin-left: calc(-4% \/ 2 );margin-right: calc(-4% \/ 2 );\"><div class=\"fusion-layout-column fusion_builder_column fusion-builder-column-0 fusion_builder_column_1_1 1_1 fusion-flex-column\" style=\"--awb-bg-position:right top;--awb-bg-size:25%;--awb-width-large:100%;--awb-margin-top-large:0px;--awb-spacing-right-large:1.92%;--awb-margin-bottom-large:20px;--awb-spacing-left-large:1.92%;--awb-width-medium:100%;--awb-order-medium:0;--awb-spacing-right-medium:1.92%;--awb-spacing-left-medium:1.92%;--awb-width-small:100%;--awb-order-small:0;--awb-spacing-right-small:1.92%;--awb-spacing-left-small:1.92%;\" data-scroll-devices=\"small-visibility,medium-visibility,large-visibility\"><div class=\"fusion-column-wrapper fusion-column-has-shadow fusion-flex-justify-content-flex-start fusion-content-layout-column\"><div class=\"fusion-text fusion-text-1\" style=\"--awb-text-transform:uppercase;--awb-text-color:var(--awb-color4);\"><h2>Behandlungen und Sprechstunden<\/h2>\n<\/div><div class=\"fusion-text fusion-text-2\"><h4>Ich biete ein umfassendes gyn\u00e4kologisches Spektrum an und begleite Frauen jeden Alters individuell, einf\u00fchlsam und kompetent.<\/h4>\n<\/div><\/div><\/div><\/div><\/div><div class=\"fusion-fullwidth fullwidth-box fusion-builder-row-2 fusion-flex-container has-pattern-background has-mask-background nonhundred-percent-fullwidth non-hundred-percent-height-scrolling\" style=\"--awb-border-radius-top-left:0px;--awb-border-radius-top-right:0px;--awb-border-radius-bottom-right:0px;--awb-border-radius-bottom-left:0px;--awb-padding-top:30px;--awb-padding-right:30px;--awb-padding-bottom:30px;--awb-padding-left:30px;--awb-margin-bottom:60px;--awb-background-color:var(--awb-color2);--awb-flex-wrap:wrap;\" ><div class=\"fusion-builder-row fusion-row fusion-flex-align-items-flex-start fusion-flex-content-wrap\" style=\"max-width:1248px;margin-left: calc(-4% \/ 2 );margin-right: calc(-4% \/ 2 );\"><div class=\"fusion-layout-column fusion_builder_column fusion-builder-column-1 fusion_builder_column_1_3 1_3 fusion-flex-column\" style=\"--awb-bg-color:rgba(190,218,195,0);--awb-bg-color-hover:rgba(190,218,195,0);--awb-bg-size:cover;--awb-width-large:33.333333333333%;--awb-margin-top-large:0px;--awb-spacing-right-large:5.76%;--awb-margin-bottom-large:20px;--awb-spacing-left-large:5.76%;--awb-width-medium:33.333333333333%;--awb-order-medium:0;--awb-spacing-right-medium:5.76%;--awb-spacing-left-medium:5.76%;--awb-width-small:100%;--awb-order-small:0;--awb-spacing-right-small:1.92%;--awb-spacing-left-small:1.92%;\" data-scroll-devices=\"small-visibility,medium-visibility,large-visibility\"><div class=\"fusion-column-wrapper fusion-column-has-shadow fusion-flex-justify-content-flex-start fusion-content-layout-column\"><div class=\"fusion-text fusion-text-3\"><h3 class=\"fusion-responsive-typography-calculated\" data-fontsize=\"36\" data-lineheight=\"43.2px\">Allgemeine Frauenheilkunde<\/h3>\n<\/div><\/div><\/div><div class=\"fusion-layout-column fusion_builder_column fusion-builder-column-2 fusion_builder_column_2_3 2_3 fusion-flex-column\" style=\"--awb-bg-size:cover;--awb-width-large:66.666666666667%;--awb-margin-top-large:30px;--awb-spacing-right-large:2.88%;--awb-margin-bottom-large:20px;--awb-spacing-left-large:2.88%;--awb-width-medium:66.666666666667%;--awb-order-medium:0;--awb-spacing-right-medium:2.88%;--awb-spacing-left-medium:2.88%;--awb-width-small:100%;--awb-order-small:0;--awb-spacing-right-small:1.92%;--awb-spacing-left-small:1.92%;\" data-scroll-devices=\"small-visibility,medium-visibility,large-visibility\"><div class=\"fusion-column-wrapper fusion-column-has-shadow fusion-flex-justify-content-flex-start fusion-content-layout-column\"><div class=\"fusion-text fusion-text-4\"><ul>\n<li><strong>Allgemeine Gyn\u00e4kologie:<\/strong><br \/>\nUntersuchung und Behandlung von Beschwerden im Unterleib, der Brust und dem Zyklus.<\/li>\n<li><strong>Brustsprechstunde:<\/strong><br \/>\nAbkl\u00e4rung und Beratung bei Brustschmerzen, Knoten oder anderen Ver\u00e4nderungen.<\/li>\n<li><strong>Dysplasiesprechstunde:<\/strong><br \/>\nKontrolle und Behandlung von auff\u00e4lligen Pap\u2011 oder HPV\u2011Befunden.<\/li>\n<li><strong>Zweitmeinung:<\/strong><br \/>\nEine unabh\u00e4ngige fachliche Einsch\u00e4tzung zu Diagnosen oder vorgeschlagenen Behandlungen.<\/li>\n<li><strong>Tumornachsorge:<\/strong><br \/>\nBegleitung und Kontrolle nach einer Krebsbehandlung.<\/li>\n<\/ul>\n<\/div><\/div><\/div><\/div><\/div><div class=\"fusion-fullwidth fullwidth-box fusion-builder-row-3 fusion-flex-container has-pattern-background has-mask-background nonhundred-percent-fullwidth non-hundred-percent-height-scrolling\" style=\"--awb-border-radius-top-left:0px;--awb-border-radius-top-right:0px;--awb-border-radius-bottom-right:0px;--awb-border-radius-bottom-left:0px;--awb-margin-bottom:60px;--awb-background-color:rgba(170,193,61,0.23);--awb-flex-wrap:wrap;\" ><div class=\"fusion-builder-row fusion-row fusion-flex-align-items-flex-start fusion-flex-content-wrap\" style=\"max-width:1248px;margin-left: calc(-4% \/ 2 );margin-right: calc(-4% \/ 2 );\"><div class=\"fusion-layout-column fusion_builder_column fusion-builder-column-3 fusion_builder_column_1_3 1_3 fusion-flex-column\" style=\"--awb-bg-size:cover;--awb-width-large:33.333333333333%;--awb-margin-top-large:0px;--awb-spacing-right-large:5.76%;--awb-margin-bottom-large:20px;--awb-spacing-left-large:5.76%;--awb-width-medium:33.333333333333%;--awb-order-medium:0;--awb-spacing-right-medium:5.76%;--awb-spacing-left-medium:5.76%;--awb-width-small:100%;--awb-order-small:0;--awb-spacing-right-small:1.92%;--awb-spacing-left-small:1.92%;\"><div class=\"fusion-column-wrapper fusion-column-has-shadow fusion-flex-justify-content-flex-start fusion-content-layout-column\"><div class=\"fusion-text fusion-text-5\"><h3>Lebensphasen &amp; Hormone<\/h3>\n<\/div><\/div><\/div><div class=\"fusion-layout-column fusion_builder_column fusion-builder-column-4 fusion_builder_column_2_3 2_3 fusion-flex-column\" style=\"--awb-bg-size:cover;--awb-width-large:66.666666666667%;--awb-margin-top-large:30px;--awb-spacing-right-large:2.88%;--awb-margin-bottom-large:20px;--awb-spacing-left-large:2.88%;--awb-width-medium:66.666666666667%;--awb-order-medium:0;--awb-spacing-right-medium:2.88%;--awb-spacing-left-medium:2.88%;--awb-width-small:100%;--awb-order-small:0;--awb-spacing-right-small:1.92%;--awb-spacing-left-small:1.92%;\" data-scroll-devices=\"small-visibility,medium-visibility,large-visibility\"><div class=\"fusion-column-wrapper fusion-column-has-shadow fusion-flex-justify-content-flex-start fusion-content-layout-column\"><div class=\"fusion-text fusion-text-6\"><ul>\n<li><strong>M\u00e4dchensprechstunde:<\/strong><br \/>\nBeratung f\u00fcr junge M\u00e4dchen zu Zyklus, K\u00f6rperver\u00e4nderungen und Verh\u00fctung \u2013 in ruhiger, gesch\u00fctzter Atmosph\u00e4re.<\/li>\n<li><strong>Familienplanung \/ Antikonzeption:<\/strong><br \/>\nUnterst\u00fctzung bei der Wahl der passenden Verh\u00fctung.<\/li>\n<li><strong>Kinderwunschsprechstunde:<\/strong><br \/>\nAbkl\u00e4rung und Beratung, wenn eine Schwangerschaft nicht eintritt.<\/li>\n<li><strong>Hormontherapie \/ Menopausensprechstunde:<\/strong><br \/>\nHilfe bei Beschwerden rund um die Wechseljahre und hormonellen Ver\u00e4nderungen.<\/li>\n<\/ul>\n<\/div><\/div><\/div><\/div><\/div><div class=\"fusion-fullwidth fullwidth-box fusion-builder-row-4 fusion-flex-container has-pattern-background has-mask-background nonhundred-percent-fullwidth non-hundred-percent-height-scrolling\" style=\"--awb-border-radius-top-left:0px;--awb-border-radius-top-right:0px;--awb-border-radius-bottom-right:0px;--awb-border-radius-bottom-left:0px;--awb-margin-bottom:60px;--awb-background-color:rgba(214,223,235,0.72);--awb-flex-wrap:wrap;\" ><div class=\"fusion-builder-row fusion-row fusion-flex-align-items-flex-start fusion-flex-content-wrap\" style=\"max-width:1248px;margin-left: calc(-4% \/ 2 );margin-right: calc(-4% \/ 2 );\"><div class=\"fusion-layout-column fusion_builder_column fusion-builder-column-5 fusion_builder_column_1_3 1_3 fusion-flex-column\" style=\"--awb-bg-size:cover;--awb-width-large:33.333333333333%;--awb-margin-top-large:0px;--awb-spacing-right-large:5.76%;--awb-margin-bottom-large:20px;--awb-spacing-left-large:5.76%;--awb-width-medium:33.333333333333%;--awb-order-medium:0;--awb-spacing-right-medium:5.76%;--awb-spacing-left-medium:5.76%;--awb-width-small:100%;--awb-order-small:0;--awb-spacing-right-small:1.92%;--awb-spacing-left-small:1.92%;\"><div class=\"fusion-column-wrapper fusion-column-has-shadow fusion-flex-justify-content-flex-start fusion-content-layout-column\"><div class=\"fusion-text fusion-text-7\"><h3>Schwangerschaft &amp; Geburt<\/h3>\n<\/div><\/div><\/div><div class=\"fusion-layout-column fusion_builder_column fusion-builder-column-6 fusion_builder_column_2_3 2_3 fusion-flex-column\" style=\"--awb-bg-size:cover;--awb-width-large:66.666666666667%;--awb-margin-top-large:30px;--awb-spacing-right-large:2.88%;--awb-margin-bottom-large:20px;--awb-spacing-left-large:2.88%;--awb-width-medium:66.666666666667%;--awb-order-medium:0;--awb-spacing-right-medium:2.88%;--awb-spacing-left-medium:2.88%;--awb-width-small:100%;--awb-order-small:0;--awb-spacing-right-small:1.92%;--awb-spacing-left-small:1.92%;\" data-scroll-devices=\"small-visibility,medium-visibility,large-visibility\"><div class=\"fusion-column-wrapper fusion-column-has-shadow fusion-flex-justify-content-flex-start fusion-content-layout-column\"><div class=\"fusion-text fusion-text-8\"><ul>\n<li><strong>Schwangerschaftskontrollen und Geburten:<\/strong><br \/>\nBegleitung durch die gesamte Schwangerschaft und im Wochenbett.<br \/>\nBei Zusatzversicherung begleite ich Sie auch bei der Geburt.<\/li>\n<\/ul>\n<\/div><\/div><\/div><\/div><\/div><div class=\"fusion-fullwidth fullwidth-box fusion-builder-row-5 fusion-flex-container has-pattern-background has-mask-background nonhundred-percent-fullwidth non-hundred-percent-height-scrolling\" style=\"--awb-border-radius-top-left:0px;--awb-border-radius-top-right:0px;--awb-border-radius-bottom-right:0px;--awb-border-radius-bottom-left:0px;--awb-margin-bottom:60px;--awb-background-color:rgba(190,218,195,0.34);--awb-flex-wrap:wrap;\" ><div class=\"fusion-builder-row fusion-row fusion-flex-align-items-flex-start fusion-flex-content-wrap\" style=\"max-width:1248px;margin-left: calc(-4% \/ 2 );margin-right: calc(-4% \/ 2 );\"><div class=\"fusion-layout-column fusion_builder_column fusion-builder-column-7 fusion_builder_column_1_3 1_3 fusion-flex-column\" style=\"--awb-bg-size:cover;--awb-width-large:33.333333333333%;--awb-margin-top-large:0px;--awb-spacing-right-large:5.76%;--awb-margin-bottom-large:20px;--awb-spacing-left-large:5.76%;--awb-width-medium:33.333333333333%;--awb-order-medium:0;--awb-spacing-right-medium:5.76%;--awb-spacing-left-medium:5.76%;--awb-width-small:100%;--awb-order-small:0;--awb-spacing-right-small:1.92%;--awb-spacing-left-small:1.92%;\"><div class=\"fusion-column-wrapper fusion-column-has-shadow fusion-flex-justify-content-flex-start fusion-content-layout-column\"><div class=\"fusion-text fusion-text-9\"><h3>Spezialisierte Sprechstunden<\/h3>\n<\/div><\/div><\/div><div class=\"fusion-layout-column fusion_builder_column fusion-builder-column-8 fusion_builder_column_2_3 2_3 fusion-flex-column\" style=\"--awb-bg-size:cover;--awb-width-large:66.666666666667%;--awb-margin-top-large:30px;--awb-spacing-right-large:2.88%;--awb-margin-bottom-large:20px;--awb-spacing-left-large:2.88%;--awb-width-medium:66.666666666667%;--awb-order-medium:0;--awb-spacing-right-medium:2.88%;--awb-spacing-left-medium:2.88%;--awb-width-small:100%;--awb-order-small:0;--awb-spacing-right-small:1.92%;--awb-spacing-left-small:1.92%;\" data-scroll-devices=\"small-visibility,medium-visibility,large-visibility\"><div class=\"fusion-column-wrapper fusion-column-has-shadow fusion-flex-justify-content-flex-start fusion-content-layout-column\"><div class=\"fusion-text fusion-text-10\"><ul>\n<li><strong>Inkontinenz\u2011\/Senkungssprechstunde:<\/strong><br \/>\nAbkl\u00e4rung und Behandlung bei Blasenschw\u00e4che oder Senkungsbeschwerden.<\/li>\n<li><strong>Endometriose:<\/strong><br \/>\nDiagnostik und Betreuung bei starken Regelschmerzen oder Endometriose\u2011Verdacht.<\/li>\n<li><strong>Myomsprechstunde:<\/strong><br \/>\nBeratung bei Myomen und ihren Behandlungsm\u00f6glichkeiten.<\/li>\n<\/ul>\n<\/div><\/div><\/div><\/div><\/div><div class=\"fusion-fullwidth fullwidth-box fusion-builder-row-6 fusion-flex-container has-pattern-background has-mask-background nonhundred-percent-fullwidth non-hundred-percent-height-scrolling\" style=\"--awb-border-radius-top-left:0px;--awb-border-radius-top-right:0px;--awb-border-radius-bottom-right:0px;--awb-border-radius-bottom-left:0px;--awb-margin-bottom:60px;--awb-background-color:var(--awb-color2);--awb-flex-wrap:wrap;\" ><div class=\"fusion-builder-row fusion-row fusion-flex-align-items-flex-start fusion-flex-content-wrap\" style=\"max-width:1248px;margin-left: calc(-4% \/ 2 );margin-right: calc(-4% \/ 2 );\"><div class=\"fusion-layout-column fusion_builder_column fusion-builder-column-9 fusion_builder_column_1_3 1_3 fusion-flex-column\" style=\"--awb-bg-size:cover;--awb-width-large:33.333333333333%;--awb-margin-top-large:0px;--awb-spacing-right-large:5.76%;--awb-margin-bottom-large:20px;--awb-spacing-left-large:5.76%;--awb-width-medium:33.333333333333%;--awb-order-medium:0;--awb-spacing-right-medium:5.76%;--awb-spacing-left-medium:5.76%;--awb-width-small:100%;--awb-order-small:0;--awb-spacing-right-small:1.92%;--awb-spacing-left-small:1.92%;\"><div class=\"fusion-column-wrapper fusion-column-has-shadow fusion-flex-justify-content-flex-start fusion-content-layout-column\"><div class=\"fusion-text fusion-text-11\"><h3>Operative Therapien<\/h3>\n<\/div><\/div><\/div><div class=\"fusion-layout-column fusion_builder_column fusion-builder-column-10 fusion_builder_column_2_3 2_3 fusion-flex-column\" style=\"--awb-bg-size:cover;--awb-width-large:66.666666666667%;--awb-margin-top-large:30px;--awb-spacing-right-large:2.88%;--awb-margin-bottom-large:20px;--awb-spacing-left-large:2.88%;--awb-width-medium:66.666666666667%;--awb-order-medium:0;--awb-spacing-right-medium:2.88%;--awb-spacing-left-medium:2.88%;--awb-width-small:100%;--awb-order-small:0;--awb-spacing-right-small:1.92%;--awb-spacing-left-small:1.92%;\" data-scroll-devices=\"small-visibility,medium-visibility,large-visibility\"><div class=\"fusion-column-wrapper fusion-column-has-shadow fusion-flex-justify-content-flex-start fusion-content-layout-column\"><div class=\"fusion-text fusion-text-12\"><ul>\n<li><strong>Kaiserschnitt:<br \/>\n<\/strong>Ein Kaiserschnitt ist eine Operation, bei der das Baby sicher durch einen Schnitt im Bauch geboren wird.<strong><br \/>\n<\/strong><\/li>\n<li><strong>Hymenalsaumspaltung:<br \/>\n<\/strong>Dabei wird ein zu fester oder schmerzhafter Hymenring schonend ge\u00f6ffnet, um Beschwerden zu lindern.<strong><br \/>\n<\/strong><\/li>\n<li><strong>Minimalinvasive Operation mittels Geb\u00e4rmutterspiegelung und Bauchspiegelung:<br \/>\n<\/strong>Dabei werden Eingriffe \u00fcber sehr kleine Zug\u00e4nge durchgef\u00fchrt, sodass weniger Schmerzen und eine schnelle Erholung m\u00f6glich sind.<strong><br \/>\n<\/strong><\/li>\n<li><strong>Abdominelle Operation:<br \/>\n<\/strong>Dies ist eine Operation \u00fcber einen Schnitt im Bauch, wenn ein gr\u00f6sserer Zugang notwendig ist.<strong><br \/>\n<\/strong><\/li>\n<li><strong>Begleitung bei Brustoperation<\/strong><\/li>\n<li><strong>Inkontinenz- und Senkungsoperationen:<br \/>\n<\/strong>Diese Operationen helfen, Blasenschw\u00e4che oder eine Senkung der Organe zu verbessern und Beschwerden zu reduzieren.<strong>\u00a0<\/strong><\/li>\n<\/ul>\n<\/div><\/div><\/div><\/div><\/div><\/p>\n","protected":false},"excerpt":{"rendered":"","protected":false},"author":2,"featured_media":0,"parent":0,"menu_order":0,"comment_status":"closed","ping_status":"closed","template":"","meta":{"footnotes":""},"class_list":["post-233","page","type-page","status-publish","hentry"],"yoast_head":"<!-- This site is optimized with the Yoast SEO plugin v27.4 - https:\/\/yoast.com\/product\/yoast-seo-wordpress\/ -->\n<title>Angebote und Sprechstunden - PRAXIS Vive la vie!<\/title>\n<meta name=\"description\" content=\"Dr. med. Isabel Ihnenfeld, Fach\u00e4rztin f\u00fcr Gyn\u00e4kologie und Geburtshilfe mit Schwerpunkt auf operative Gyn\u00e4kologie, Urogyn\u00e4kologie, Endometriose und Beckenbodenbeschwerden.\" \/>\n<meta name=\"robots\" content=\"index, follow, max-snippet:-1, max-image-preview:large, max-video-preview:-1\" \/>\n<link rel=\"canonical\" href=\"https:\/\/praxisvivelavie.ch\/?page_id=233\" \/>\n<meta property=\"og:locale\" content=\"de_DE\" \/>\n<meta property=\"og:type\" content=\"article\" \/>\n<meta property=\"og:title\" content=\"Angebote und Sprechstunden - PRAXIS Vive la vie!\" \/>\n<meta property=\"og:description\" content=\"Dr. med. Isabel Ihnenfeld, Fach\u00e4rztin f\u00fcr Gyn\u00e4kologie und Geburtshilfe mit Schwerpunkt auf operative Gyn\u00e4kologie, Urogyn\u00e4kologie, Endometriose und Beckenbodenbeschwerden.\" \/>\n<meta property=\"og:url\" content=\"https:\/\/praxisvivelavie.ch\/?page_id=233\" \/>\n<meta property=\"og:site_name\" content=\"PRAXIS Vive la vie!\" \/>\n<meta property=\"article:modified_time\" content=\"2026-03-09T08:24:16+00:00\" \/>\n<meta property=\"og:image\" content=\"https:\/\/praxisvivelavie.ch\/wp-content\/uploads\/2026\/01\/vievlavie_logo_kompakt_rechts.webp\" \/>\n\t<meta property=\"og:image:width\" content=\"534\" \/>\n\t<meta property=\"og:image:height\" content=\"375\" \/>\n\t<meta property=\"og:image:type\" content=\"image\/webp\" \/>\n<meta name=\"twitter:card\" content=\"summary_large_image\" \/>\n<meta name=\"twitter:label1\" content=\"Gesch\u00e4tzte Lesezeit\" \/>\n\t<meta name=\"twitter:data1\" content=\"2\u00a0Minuten\" \/>\n<script type=\"application\/ld+json\" class=\"yoast-schema-graph\">{\"@context\":\"https:\\\/\\\/schema.org\",\"@graph\":[{\"@type\":\"WebPage\",\"@id\":\"https:\\\/\\\/praxisvivelavie.ch\\\/?page_id=233\",\"url\":\"https:\\\/\\\/praxisvivelavie.ch\\\/?page_id=233\",\"name\":\"Angebote und Sprechstunden - PRAXIS Vive la vie!\",\"isPartOf\":{\"@id\":\"https:\\\/\\\/praxisvivelavie.ch\\\/#website\"},\"datePublished\":\"2026-03-04T09:24:56+00:00\",\"dateModified\":\"2026-03-09T08:24:16+00:00\",\"description\":\"Dr. med. Isabel Ihnenfeld, Fach\u00e4rztin f\u00fcr Gyn\u00e4kologie und Geburtshilfe mit Schwerpunkt auf operative Gyn\u00e4kologie, Urogyn\u00e4kologie, Endometriose und Beckenbodenbeschwerden.\",\"breadcrumb\":{\"@id\":\"https:\\\/\\\/praxisvivelavie.ch\\\/?page_id=233#breadcrumb\"},\"inLanguage\":\"de\",\"potentialAction\":[{\"@type\":\"ReadAction\",\"target\":[\"https:\\\/\\\/praxisvivelavie.ch\\\/?page_id=233\"]}]},{\"@type\":\"BreadcrumbList\",\"@id\":\"https:\\\/\\\/praxisvivelavie.ch\\\/?page_id=233#breadcrumb\",\"itemListElement\":[{\"@type\":\"ListItem\",\"position\":1,\"name\":\"Start\",\"item\":\"https:\\\/\\\/praxisvivelavie.ch\\\/\"},{\"@type\":\"ListItem\",\"position\":2,\"name\":\"Angebote und Sprechstunden\"}]},{\"@type\":\"WebSite\",\"@id\":\"https:\\\/\\\/praxisvivelavie.ch\\\/#website\",\"url\":\"https:\\\/\\\/praxisvivelavie.ch\\\/\",\"name\":\"Vive la vie!\",\"description\":\"Praxis f\u00fcr die Frau\",\"publisher\":{\"@id\":\"https:\\\/\\\/praxisvivelavie.ch\\\/#organization\"},\"potentialAction\":[{\"@type\":\"SearchAction\",\"target\":{\"@type\":\"EntryPoint\",\"urlTemplate\":\"https:\\\/\\\/praxisvivelavie.ch\\\/?s={search_term_string}\"},\"query-input\":{\"@type\":\"PropertyValueSpecification\",\"valueRequired\":true,\"valueName\":\"search_term_string\"}}],\"inLanguage\":\"de\"},{\"@type\":\"Organization\",\"@id\":\"https:\\\/\\\/praxisvivelavie.ch\\\/#organization\",\"name\":\"Vive la vie!\",\"url\":\"https:\\\/\\\/praxisvivelavie.ch\\\/\",\"logo\":{\"@type\":\"ImageObject\",\"inLanguage\":\"de\",\"@id\":\"https:\\\/\\\/praxisvivelavie.ch\\\/#\\\/schema\\\/logo\\\/image\\\/\",\"url\":\"https:\\\/\\\/praxisvivelavie.ch\\\/wp-content\\\/uploads\\\/2026\\\/01\\\/vivelavie_logo_lang.webp\",\"contentUrl\":\"https:\\\/\\\/praxisvivelavie.ch\\\/wp-content\\\/uploads\\\/2026\\\/01\\\/vivelavie_logo_lang.webp\",\"width\":1730,\"height\":638,\"caption\":\"Vive la vie!\"},\"image\":{\"@id\":\"https:\\\/\\\/praxisvivelavie.ch\\\/#\\\/schema\\\/logo\\\/image\\\/\"}}]}<\/script>\n<!-- \/ Yoast SEO plugin. -->","yoast_head_json":{"title":"Angebote und Sprechstunden - PRAXIS Vive la vie!","description":"Dr. med. Isabel Ihnenfeld, Fach\u00e4rztin f\u00fcr Gyn\u00e4kologie und Geburtshilfe mit Schwerpunkt auf operative Gyn\u00e4kologie, Urogyn\u00e4kologie, Endometriose und Beckenbodenbeschwerden.","robots":{"index":"index","follow":"follow","max-snippet":"max-snippet:-1","max-image-preview":"max-image-preview:large","max-video-preview":"max-video-preview:-1"},"canonical":"https:\/\/praxisvivelavie.ch\/?page_id=233","og_locale":"de_DE","og_type":"article","og_title":"Angebote und Sprechstunden - PRAXIS Vive la vie!","og_description":"Dr. med. Isabel Ihnenfeld, Fach\u00e4rztin f\u00fcr Gyn\u00e4kologie und Geburtshilfe mit Schwerpunkt auf operative Gyn\u00e4kologie, Urogyn\u00e4kologie, Endometriose und Beckenbodenbeschwerden.","og_url":"https:\/\/praxisvivelavie.ch\/?page_id=233","og_site_name":"PRAXIS Vive la vie!","article_modified_time":"2026-03-09T08:24:16+00:00","og_image":[{"width":534,"height":375,"url":"https:\/\/praxisvivelavie.ch\/wp-content\/uploads\/2026\/01\/vievlavie_logo_kompakt_rechts.webp","type":"image\/webp"}],"twitter_card":"summary_large_image","twitter_misc":{"Gesch\u00e4tzte Lesezeit":"2\u00a0Minuten"},"schema":{"@context":"https:\/\/schema.org","@graph":[{"@type":"WebPage","@id":"https:\/\/praxisvivelavie.ch\/?page_id=233","url":"https:\/\/praxisvivelavie.ch\/?page_id=233","name":"Angebote und Sprechstunden - PRAXIS Vive la vie!","isPartOf":{"@id":"https:\/\/praxisvivelavie.ch\/#website"},"datePublished":"2026-03-04T09:24:56+00:00","dateModified":"2026-03-09T08:24:16+00:00","description":"Dr. med. Isabel Ihnenfeld, Fach\u00e4rztin f\u00fcr Gyn\u00e4kologie und Geburtshilfe mit Schwerpunkt auf operative Gyn\u00e4kologie, Urogyn\u00e4kologie, Endometriose und Beckenbodenbeschwerden.","breadcrumb":{"@id":"https:\/\/praxisvivelavie.ch\/?page_id=233#breadcrumb"},"inLanguage":"de","potentialAction":[{"@type":"ReadAction","target":["https:\/\/praxisvivelavie.ch\/?page_id=233"]}]},{"@type":"BreadcrumbList","@id":"https:\/\/praxisvivelavie.ch\/?page_id=233#breadcrumb","itemListElement":[{"@type":"ListItem","position":1,"name":"Start","item":"https:\/\/praxisvivelavie.ch\/"},{"@type":"ListItem","position":2,"name":"Angebote und Sprechstunden"}]},{"@type":"WebSite","@id":"https:\/\/praxisvivelavie.ch\/#website","url":"https:\/\/praxisvivelavie.ch\/","name":"Vive la vie!","description":"Praxis f\u00fcr die Frau","publisher":{"@id":"https:\/\/praxisvivelavie.ch\/#organization"},"potentialAction":[{"@type":"SearchAction","target":{"@type":"EntryPoint","urlTemplate":"https:\/\/praxisvivelavie.ch\/?s={search_term_string}"},"query-input":{"@type":"PropertyValueSpecification","valueRequired":true,"valueName":"search_term_string"}}],"inLanguage":"de"},{"@type":"Organization","@id":"https:\/\/praxisvivelavie.ch\/#organization","name":"Vive la vie!","url":"https:\/\/praxisvivelavie.ch\/","logo":{"@type":"ImageObject","inLanguage":"de","@id":"https:\/\/praxisvivelavie.ch\/#\/schema\/logo\/image\/","url":"https:\/\/praxisvivelavie.ch\/wp-content\/uploads\/2026\/01\/vivelavie_logo_lang.webp","contentUrl":"https:\/\/praxisvivelavie.ch\/wp-content\/uploads\/2026\/01\/vivelavie_logo_lang.webp","width":1730,"height":638,"caption":"Vive la vie!"},"image":{"@id":"https:\/\/praxisvivelavie.ch\/#\/schema\/logo\/image\/"}}]}},"_links":{"self":[{"href":"https:\/\/praxisvivelavie.ch\/index.php?rest_route=\/wp\/v2\/pages\/233","targetHints":{"allow":["GET"]}}],"collection":[{"href":"https:\/\/praxisvivelavie.ch\/index.php?rest_route=\/wp\/v2\/pages"}],"about":[{"href":"https:\/\/praxisvivelavie.ch\/index.php?rest_route=\/wp\/v2\/types\/page"}],"author":[{"embeddable":true,"href":"https:\/\/praxisvivelavie.ch\/index.php?rest_route=\/wp\/v2\/users\/2"}],"replies":[{"embeddable":true,"href":"https:\/\/praxisvivelavie.ch\/index.php?rest_route=%2Fwp%2Fv2%2Fcomments&post=233"}],"version-history":[{"count":27,"href":"https:\/\/praxisvivelavie.ch\/index.php?rest_route=\/wp\/v2\/pages\/233\/revisions"}],"predecessor-version":[{"id":481,"href":"https:\/\/praxisvivelavie.ch\/index.php?rest_route=\/wp\/v2\/pages\/233\/revisions\/481"}],"wp:attachment":[{"href":"https:\/\/praxisvivelavie.ch\/index.php?rest_route=%2Fwp%2Fv2%2Fmedia&parent=233"}],"curies":[{"name":"wp","href":"https:\/\/api.w.org\/{rel}","templated":true}]}}