{"id":205,"date":"2026-03-04T10:24:57","date_gmt":"2026-03-04T09:24:57","guid":{"rendered":"https:\/\/praxisvivelavie.ch\/?page_id=205"},"modified":"2026-03-08T23:40:19","modified_gmt":"2026-03-08T22:40:19","slug":"kontakt","status":"publish","type":"page","link":"https:\/\/praxisvivelavie.ch\/?page_id=205","title":{"rendered":"Kontakt"},"content":{"rendered":"<p><div class=\"fusion-fullwidth fullwidth-box fusion-builder-row-1 fusion-flex-container has-pattern-background has-mask-background nonhundred-percent-fullwidth non-hundred-percent-height-scrolling fusion-animated\" style=\"--awb-border-color:var(--awb-color1);--awb-border-radius-top-left:0px;--awb-border-radius-top-right:0px;--awb-border-radius-bottom-right:0px;--awb-border-radius-bottom-left:0px;--awb-padding-top:6%;--awb-padding-right:6%;--awb-padding-left:6%;--awb-padding-top-small:6%;--awb-padding-right-small:6%;--awb-padding-bottom-small:6%;--awb-padding-left-small:6%;--awb-margin-top:0px;--awb-margin-bottom:0px;--awb-background-color:var(--awb-color6);--awb-flex-wrap:wrap;\" data-animationType=\"fadeIn\" data-animationDuration=\"0.9\" data-animationOffset=\"top-into-view\" ><div class=\"fusion-builder-row fusion-row fusion-flex-align-items-flex-start fusion-flex-justify-content-center fusion-flex-content-wrap\" style=\"max-width:calc( 1200px + 30px );margin-left: calc(-30px \/ 2 );margin-right: calc(-30px \/ 2 );\"><div class=\"fusion-layout-column fusion_builder_column fusion-builder-column-0 fusion_builder_column_1_1 1_1 fusion-flex-column\" style=\"--awb-padding-top-medium:6%;--awb-padding-right-medium:6%;--awb-padding-bottom-medium:6%;--awb-padding-left-medium:6%;--awb-padding-top-small:0px;--awb-padding-right-small:0px;--awb-padding-bottom-small:0px;--awb-padding-left-small:0px;--awb-bg-color:rgba(255,255,255,0);--awb-bg-color-hover:rgba(255,255,255,0);--awb-bg-position:right center;--awb-bg-size:cover;--awb-width-large:100%;--awb-margin-top-large:0px;--awb-spacing-right-large:15px;--awb-margin-bottom-large:20px;--awb-spacing-left-large:15px;--awb-width-medium:100%;--awb-order-medium:0;--awb-spacing-right-medium:15px;--awb-spacing-left-medium:15px;--awb-width-small:100%;--awb-order-small:0;--awb-spacing-right-small:15px;--awb-spacing-left-small:15px;\" data-scroll-devices=\"small-visibility,medium-visibility,large-visibility\"><div class=\"fusion-column-wrapper fusion-column-has-shadow fusion-flex-justify-content-flex-start fusion-content-layout-column\"><div class=\"fusion-text fusion-text-1\"><h3>Ich freue mich von Ihnen zu h\u00f6ren!<\/h3>\n<\/div><\/div><\/div><div class=\"fusion-layout-column fusion_builder_column fusion-builder-column-1 fusion_builder_column_1_2 1_2 fusion-flex-column\" style=\"--awb-padding-top-medium:6%;--awb-padding-right-medium:6%;--awb-padding-bottom-medium:6%;--awb-padding-left-medium:6%;--awb-padding-top-small:0px;--awb-padding-right-small:0px;--awb-padding-bottom-small:0px;--awb-padding-left-small:0px;--awb-bg-color:rgba(255,255,255,0);--awb-bg-color-hover:rgba(255,255,255,0);--awb-bg-position:right center;--awb-bg-size:cover;--awb-width-large:50%;--awb-margin-top-large:0px;--awb-spacing-right-large:15px;--awb-margin-bottom-large:20px;--awb-spacing-left-large:15px;--awb-width-medium:50%;--awb-order-medium:0;--awb-spacing-right-medium:15px;--awb-spacing-left-medium:15px;--awb-width-small:100%;--awb-order-small:0;--awb-spacing-right-small:15px;--awb-spacing-left-small:15px;\" data-scroll-devices=\"small-visibility,medium-visibility,large-visibility\"><div class=\"fusion-column-wrapper fusion-column-has-shadow fusion-flex-justify-content-flex-start fusion-content-layout-column\"><div class=\"fusion-text fusion-text-2\"><p><strong>Dr. med. Isabel Ihnenfeld Arci\u00e9nega<\/strong><br \/>\nFMH Gyn\u00e4kologie und Geburtshilfe<br \/>\nFMH Schwerpunkt operative Gyn\u00e4kologie und Geburtshilfe<\/p>\n<p>Hohlstrasse 532 (im vivahub)<br \/>\n8048 Z\u00fcrich<br \/>\n044 538 35 85<br \/>\n<a href=\"mailto:vivahub@hin.ch\">vivahub@hin.ch<\/a><\/p>\n<p><strong>Anfahrt Zug:<\/strong> SBB Altstetten: 300 Meter<br \/>\n<strong>Tram:<\/strong> 2<br \/>\n<strong>Bus:<\/strong> 31, 35, 78, 83<br \/>\n<strong>Besucherparkpl\u00e4tze:<\/strong> hinter dem Haus via Letzibachweg (Zahlung nur via P&amp;Rail-App)<br \/>\n<a href=\"https:\/\/apps.apple.com\/ch\/app\/p-rail\/id1355008152\" target=\"_blank\" rel=\"noopener\">Apple App-Store<\/a><br \/>\n<a href=\"https:\/\/play.google.com\/store\/apps\/details?id=ch.sbb.prail2&amp;hl=de_CH\" target=\"_blank\" rel=\"noopener\">Google Play-Store<\/a><\/p>\n<\/div><\/div><\/div><div class=\"fusion-layout-column fusion_builder_column fusion-builder-column-2 fusion_builder_column_1_2 1_2 fusion-flex-column\" style=\"--awb-padding-top:0%;--awb-padding-right:0%;--awb-padding-bottom:0%;--awb-padding-left:0%;--awb-padding-top-small:0%;--awb-padding-right-small:0%;--awb-padding-bottom-small:0%;--awb-padding-left-small:0%;--awb-bg-color:rgba(255,255,255,0);--awb-bg-color-hover:rgba(255,255,255,0);--awb-bg-position:right center;--awb-bg-size:cover;--awb-width-large:50%;--awb-margin-top-large:0%;--awb-spacing-right-large:15px;--awb-margin-bottom-large:0%;--awb-spacing-left-large:15px;--awb-width-medium:50%;--awb-order-medium:0;--awb-spacing-right-medium:15px;--awb-spacing-left-medium:15px;--awb-width-small:100%;--awb-order-small:0;--awb-margin-top-small:0%;--awb-spacing-right-small:15px;--awb-margin-bottom-small:0%;--awb-spacing-left-small:15px;\" data-scroll-devices=\"small-visibility,medium-visibility,large-visibility\"><div class=\"fusion-column-wrapper fusion-column-has-shadow fusion-flex-justify-content-flex-start fusion-content-layout-column\"><div class=\"fusion-image-element \" style=\"--awb-caption-title-font-family:var(--h2_typography-font-family);--awb-caption-title-font-weight:var(--h2_typography-font-weight);--awb-caption-title-font-style:var(--h2_typography-font-style);--awb-caption-title-size:var(--h2_typography-font-size);--awb-caption-title-transform:var(--h2_typography-text-transform);--awb-caption-title-line-height:var(--h2_typography-line-height);--awb-caption-title-letter-spacing:var(--h2_typography-letter-spacing);\"><span class=\" fusion-imageframe imageframe-none imageframe-1 hover-type-none\"><img decoding=\"async\" width=\"1024\" height=\"713\" alt=\"Praxiseingang zum Viva Hub\" title=\"Screenshot\" src=\"https:\/\/praxisvivelavie.ch\/wp-content\/uploads\/2026\/03\/Eingang-unten-1024x713.jpg\" class=\"img-responsive wp-image-245\" srcset=\"https:\/\/praxisvivelavie.ch\/wp-content\/uploads\/2026\/03\/Eingang-unten-200x139.jpg 200w, https:\/\/praxisvivelavie.ch\/wp-content\/uploads\/2026\/03\/Eingang-unten-400x278.jpg 400w, https:\/\/praxisvivelavie.ch\/wp-content\/uploads\/2026\/03\/Eingang-unten-600x418.jpg 600w, https:\/\/praxisvivelavie.ch\/wp-content\/uploads\/2026\/03\/Eingang-unten-800x557.jpg 800w, https:\/\/praxisvivelavie.ch\/wp-content\/uploads\/2026\/03\/Eingang-unten-1200x835.jpg 1200w, https:\/\/praxisvivelavie.ch\/wp-content\/uploads\/2026\/03\/Eingang-unten.jpg 1280w\" sizes=\"(max-width: 640px) 100vw, 600px\" \/><\/span><\/div><\/div><\/div><\/div><\/div><div class=\"fusion-fullwidth fullwidth-box fusion-builder-row-2 fusion-flex-container has-pattern-background has-mask-background nonhundred-percent-fullwidth non-hundred-percent-height-scrolling fusion-animated\" style=\"--awb-border-color:var(--awb-color1);--awb-border-radius-top-left:0px;--awb-border-radius-top-right:0px;--awb-border-radius-bottom-right:0px;--awb-border-radius-bottom-left:0px;--awb-padding-top:0px;--awb-padding-right:0px;--awb-padding-bottom:0px;--awb-padding-left:0px;--awb-margin-top:0px;--awb-margin-bottom:0px;--awb-background-color:var(--awb-color1);--awb-flex-wrap:wrap;\" data-animationType=\"fadeIn\" data-animationDuration=\"0.9\" data-animationOffset=\"top-into-view\" ><div class=\"fusion-builder-row fusion-row fusion-flex-align-items-flex-start fusion-flex-justify-content-center fusion-flex-content-wrap\" style=\"max-width:1248px;margin-left: calc(-4% \/ 2 );margin-right: calc(-4% \/ 2 );\"><div class=\"fusion-layout-column fusion_builder_column fusion-builder-column-3 fusion_builder_column_1_1 1_1 fusion-flex-column\" style=\"--awb-padding-top-small:6%;--awb-padding-right-small:6%;--awb-padding-bottom-small:6%;--awb-padding-left-small:6%;--awb-overflow:hidden;--awb-bg-color:rgba(255,255,255,0);--awb-bg-color-hover:rgba(255,255,255,0);--awb-bg-position:right center;--awb-bg-size:cover;--awb-border-radius:0px 00px 0px 0px;--awb-width-large:100%;--awb-margin-top-large:0px;--awb-spacing-right-large:0px;--awb-margin-bottom-large:0px;--awb-spacing-left-large:0px;--awb-width-medium:100%;--awb-order-medium:0;--awb-spacing-right-medium:0px;--awb-spacing-left-medium:0px;--awb-width-small:100%;--awb-order-small:0;--awb-spacing-right-small:1.92%;--awb-spacing-left-small:1.92%;\" data-scroll-devices=\"small-visibility,medium-visibility,large-visibility\"><div class=\"fusion-column-wrapper fusion-column-has-shadow fusion-flex-justify-content-flex-start fusion-content-layout-column\"><div style=\"--awb-width:100;--awb-height:550px;--awb-popup-close-btn-color:var(--awb-color4);--awb-popup-content-color:var(--awb-color7);\" class=\"awb-openstreet-map awb-openstreet-map-1\" data-map-style=\"osm-carto\" data-map-type=\"marker\" data-zoom=\"14\" data-zoomsnap=\"1\" data-zoomcontrol=\"1\" data-scrollwheelzoom=\"1\" data-dragging=\"1\" data-touchzoom=\"1\" data-dbclickzoom=\"1\" data-fitbounds=\"1\" data-shape-color=\"rgba(214,223,235,1)\" data-shape-weight=\"3\"><div class=\"awb-openstreet-map-marker awb-openstreet-map-marker-1\" data-latitude=\"47.3879\" data-longitude=\"8.4895\" data-icon=\"fa-user-md fas\" data-action=\"popup\"><div class=\"awb-openstreet-map-marker-icon-wrapper awb-openstreet-map-marker-anim-sonar\" style=\"--awb-background-color:var(--awb-color4);--awb-hover-background-color:var(--awb-color3);\"><i class=\"fa-user-md fas\"><\/i><\/div><div class=\"awb-openstreet-map-content-wrapper\"><h5 class=\"awb-openstreet-map-marker-title\">Praxis Vive la vie! im Viva Hub<\/h5><div class=\"awb-openstreet-map-marker-content\">Anfahrt\nZug: SBB Altstetten: 300 Meter\nTram: 2\nBus: 31, 35, 78, 83\nBesucherparkpl\u00e4tze: hinter dem Haus via Letzibachweg (Zahlung nur via P&Rail-App)<\/div><\/div><\/div><\/div><\/div><\/div><div class=\"fusion-layout-column fusion_builder_column fusion-builder-column-4 fusion_builder_column_1_1 1_1 fusion-flex-column\" style=\"--awb-padding-top-small:60px;--awb-padding-right-small:60px;--awb-padding-bottom-small:60px;--awb-padding-left-small:60px;--awb-bg-color:rgba(255,255,255,0);--awb-bg-color-hover:rgba(255,255,255,0);--awb-bg-position:right center;--awb-bg-size:cover;--awb-width-large:100%;--awb-margin-top-large:0px;--awb-spacing-right-large:0px;--awb-margin-bottom-large:20px;--awb-spacing-left-large:0px;--awb-width-medium:100%;--awb-order-medium:0;--awb-spacing-right-medium:0px;--awb-spacing-left-medium:0px;--awb-width-small:100%;--awb-order-small:0;--awb-spacing-right-small:1.92%;--awb-spacing-left-small:1.92%;\" data-scroll-devices=\"small-visibility,medium-visibility,large-visibility\"><div class=\"fusion-column-wrapper fusion-column-has-shadow fusion-flex-justify-content-flex-start fusion-content-layout-column\"><div class=\"fusion-text fusion-text-3\"><p style=\"text-align: left;\"><strong><a href=\"https:\/\/www.google.com\/maps\/place\/Viva+Hub+Altstetten+-+Hausarzt+und+Gesundheitszentrum\/@47.3897969,8.4931451,17z\/data=!3m1!4b1!4m6!3m5!1s0x47900b1143831507:0xb8fb7fa0f42aa9a0!8m2!3d47.3897969!4d8.4931451!16s%2Fg%2F11x1241_cq\" target=\"_blank\" rel=\"noopener\">Google-Maps \u00bb<\/a><\/strong><\/p>\n<\/div><\/div><\/div><\/div><\/div><\/p>\n","protected":false},"excerpt":{"rendered":"","protected":false},"author":2,"featured_media":0,"parent":0,"menu_order":0,"comment_status":"closed","ping_status":"closed","template":"","meta":{"footnotes":""},"class_list":["post-205","page","type-page","status-publish","hentry"],"yoast_head":"<!-- This site is optimized with the Yoast SEO plugin v27.4 - https:\/\/yoast.com\/product\/yoast-seo-wordpress\/ -->\n<title>Kontakt - PRAXIS Vive la vie!<\/title>\n<meta name=\"description\" content=\"Dr. med. Isabel Ihnenfeld, Fach\u00e4rztin f\u00fcr Gyn\u00e4kologie und Geburtshilfe mit Schwerpunkt auf operative Gyn\u00e4kologie, Urogyn\u00e4kologie, Endometriose und Beckenbodenbeschwerden.\" \/>\n<meta name=\"robots\" content=\"index, follow, max-snippet:-1, max-image-preview:large, max-video-preview:-1\" \/>\n<link rel=\"canonical\" href=\"https:\/\/praxisvivelavie.ch\/?page_id=205\" \/>\n<meta property=\"og:locale\" content=\"de_DE\" \/>\n<meta property=\"og:type\" content=\"article\" \/>\n<meta property=\"og:title\" content=\"Kontakt - PRAXIS Vive la vie!\" \/>\n<meta property=\"og:description\" content=\"Dr. med. Isabel Ihnenfeld, Fach\u00e4rztin f\u00fcr Gyn\u00e4kologie und Geburtshilfe mit Schwerpunkt auf operative Gyn\u00e4kologie, Urogyn\u00e4kologie, Endometriose und Beckenbodenbeschwerden.\" \/>\n<meta property=\"og:url\" content=\"https:\/\/praxisvivelavie.ch\/?page_id=205\" \/>\n<meta property=\"og:site_name\" content=\"PRAXIS Vive la vie!\" \/>\n<meta property=\"article:modified_time\" content=\"2026-03-08T22:40:19+00:00\" \/>\n<meta property=\"og:image\" content=\"https:\/\/praxisvivelavie.ch\/wp-content\/uploads\/2026\/01\/vievlavie_logo_kompakt_rechts.webp\" \/>\n\t<meta property=\"og:image:width\" content=\"534\" \/>\n\t<meta property=\"og:image:height\" content=\"375\" \/>\n\t<meta property=\"og:image:type\" content=\"image\/webp\" \/>\n<meta name=\"twitter:card\" content=\"summary_large_image\" \/>\n<meta name=\"twitter:label1\" content=\"Gesch\u00e4tzte Lesezeit\" \/>\n\t<meta name=\"twitter:data1\" content=\"1\u00a0Minute\" \/>\n<script type=\"application\/ld+json\" class=\"yoast-schema-graph\">{\"@context\":\"https:\\\/\\\/schema.org\",\"@graph\":[{\"@type\":\"WebPage\",\"@id\":\"https:\\\/\\\/praxisvivelavie.ch\\\/?page_id=205\",\"url\":\"https:\\\/\\\/praxisvivelavie.ch\\\/?page_id=205\",\"name\":\"Kontakt - PRAXIS Vive la vie!\",\"isPartOf\":{\"@id\":\"https:\\\/\\\/praxisvivelavie.ch\\\/#website\"},\"datePublished\":\"2026-03-04T09:24:57+00:00\",\"dateModified\":\"2026-03-08T22:40:19+00:00\",\"description\":\"Dr. med. Isabel Ihnenfeld, Fach\u00e4rztin f\u00fcr Gyn\u00e4kologie und Geburtshilfe mit Schwerpunkt auf operative Gyn\u00e4kologie, Urogyn\u00e4kologie, Endometriose und Beckenbodenbeschwerden.\",\"breadcrumb\":{\"@id\":\"https:\\\/\\\/praxisvivelavie.ch\\\/?page_id=205#breadcrumb\"},\"inLanguage\":\"de\",\"potentialAction\":[{\"@type\":\"ReadAction\",\"target\":[\"https:\\\/\\\/praxisvivelavie.ch\\\/?page_id=205\"]}]},{\"@type\":\"BreadcrumbList\",\"@id\":\"https:\\\/\\\/praxisvivelavie.ch\\\/?page_id=205#breadcrumb\",\"itemListElement\":[{\"@type\":\"ListItem\",\"position\":1,\"name\":\"Start\",\"item\":\"https:\\\/\\\/praxisvivelavie.ch\\\/\"},{\"@type\":\"ListItem\",\"position\":2,\"name\":\"Kontakt\"}]},{\"@type\":\"WebSite\",\"@id\":\"https:\\\/\\\/praxisvivelavie.ch\\\/#website\",\"url\":\"https:\\\/\\\/praxisvivelavie.ch\\\/\",\"name\":\"Vive la vie!\",\"description\":\"Praxis f\u00fcr die Frau\",\"publisher\":{\"@id\":\"https:\\\/\\\/praxisvivelavie.ch\\\/#organization\"},\"potentialAction\":[{\"@type\":\"SearchAction\",\"target\":{\"@type\":\"EntryPoint\",\"urlTemplate\":\"https:\\\/\\\/praxisvivelavie.ch\\\/?s={search_term_string}\"},\"query-input\":{\"@type\":\"PropertyValueSpecification\",\"valueRequired\":true,\"valueName\":\"search_term_string\"}}],\"inLanguage\":\"de\"},{\"@type\":\"Organization\",\"@id\":\"https:\\\/\\\/praxisvivelavie.ch\\\/#organization\",\"name\":\"Vive la vie!\",\"url\":\"https:\\\/\\\/praxisvivelavie.ch\\\/\",\"logo\":{\"@type\":\"ImageObject\",\"inLanguage\":\"de\",\"@id\":\"https:\\\/\\\/praxisvivelavie.ch\\\/#\\\/schema\\\/logo\\\/image\\\/\",\"url\":\"https:\\\/\\\/praxisvivelavie.ch\\\/wp-content\\\/uploads\\\/2026\\\/01\\\/vivelavie_logo_lang.webp\",\"contentUrl\":\"https:\\\/\\\/praxisvivelavie.ch\\\/wp-content\\\/uploads\\\/2026\\\/01\\\/vivelavie_logo_lang.webp\",\"width\":1730,\"height\":638,\"caption\":\"Vive la vie!\"},\"image\":{\"@id\":\"https:\\\/\\\/praxisvivelavie.ch\\\/#\\\/schema\\\/logo\\\/image\\\/\"}}]}<\/script>\n<!-- \/ Yoast SEO plugin. -->","yoast_head_json":{"title":"Kontakt - PRAXIS Vive la vie!","description":"Dr. med. Isabel Ihnenfeld, Fach\u00e4rztin f\u00fcr Gyn\u00e4kologie und Geburtshilfe mit Schwerpunkt auf operative Gyn\u00e4kologie, Urogyn\u00e4kologie, Endometriose und Beckenbodenbeschwerden.","robots":{"index":"index","follow":"follow","max-snippet":"max-snippet:-1","max-image-preview":"max-image-preview:large","max-video-preview":"max-video-preview:-1"},"canonical":"https:\/\/praxisvivelavie.ch\/?page_id=205","og_locale":"de_DE","og_type":"article","og_title":"Kontakt - PRAXIS Vive la vie!","og_description":"Dr. med. Isabel Ihnenfeld, Fach\u00e4rztin f\u00fcr Gyn\u00e4kologie und Geburtshilfe mit Schwerpunkt auf operative Gyn\u00e4kologie, Urogyn\u00e4kologie, Endometriose und Beckenbodenbeschwerden.","og_url":"https:\/\/praxisvivelavie.ch\/?page_id=205","og_site_name":"PRAXIS Vive la vie!","article_modified_time":"2026-03-08T22:40:19+00:00","og_image":[{"width":534,"height":375,"url":"https:\/\/praxisvivelavie.ch\/wp-content\/uploads\/2026\/01\/vievlavie_logo_kompakt_rechts.webp","type":"image\/webp"}],"twitter_card":"summary_large_image","twitter_misc":{"Gesch\u00e4tzte Lesezeit":"1\u00a0Minute"},"schema":{"@context":"https:\/\/schema.org","@graph":[{"@type":"WebPage","@id":"https:\/\/praxisvivelavie.ch\/?page_id=205","url":"https:\/\/praxisvivelavie.ch\/?page_id=205","name":"Kontakt - PRAXIS Vive la vie!","isPartOf":{"@id":"https:\/\/praxisvivelavie.ch\/#website"},"datePublished":"2026-03-04T09:24:57+00:00","dateModified":"2026-03-08T22:40:19+00:00","description":"Dr. med. Isabel Ihnenfeld, Fach\u00e4rztin f\u00fcr Gyn\u00e4kologie und Geburtshilfe mit Schwerpunkt auf operative Gyn\u00e4kologie, Urogyn\u00e4kologie, Endometriose und Beckenbodenbeschwerden.","breadcrumb":{"@id":"https:\/\/praxisvivelavie.ch\/?page_id=205#breadcrumb"},"inLanguage":"de","potentialAction":[{"@type":"ReadAction","target":["https:\/\/praxisvivelavie.ch\/?page_id=205"]}]},{"@type":"BreadcrumbList","@id":"https:\/\/praxisvivelavie.ch\/?page_id=205#breadcrumb","itemListElement":[{"@type":"ListItem","position":1,"name":"Start","item":"https:\/\/praxisvivelavie.ch\/"},{"@type":"ListItem","position":2,"name":"Kontakt"}]},{"@type":"WebSite","@id":"https:\/\/praxisvivelavie.ch\/#website","url":"https:\/\/praxisvivelavie.ch\/","name":"Vive la vie!","description":"Praxis f\u00fcr die Frau","publisher":{"@id":"https:\/\/praxisvivelavie.ch\/#organization"},"potentialAction":[{"@type":"SearchAction","target":{"@type":"EntryPoint","urlTemplate":"https:\/\/praxisvivelavie.ch\/?s={search_term_string}"},"query-input":{"@type":"PropertyValueSpecification","valueRequired":true,"valueName":"search_term_string"}}],"inLanguage":"de"},{"@type":"Organization","@id":"https:\/\/praxisvivelavie.ch\/#organization","name":"Vive la vie!","url":"https:\/\/praxisvivelavie.ch\/","logo":{"@type":"ImageObject","inLanguage":"de","@id":"https:\/\/praxisvivelavie.ch\/#\/schema\/logo\/image\/","url":"https:\/\/praxisvivelavie.ch\/wp-content\/uploads\/2026\/01\/vivelavie_logo_lang.webp","contentUrl":"https:\/\/praxisvivelavie.ch\/wp-content\/uploads\/2026\/01\/vivelavie_logo_lang.webp","width":1730,"height":638,"caption":"Vive la vie!"},"image":{"@id":"https:\/\/praxisvivelavie.ch\/#\/schema\/logo\/image\/"}}]}},"_links":{"self":[{"href":"https:\/\/praxisvivelavie.ch\/index.php?rest_route=\/wp\/v2\/pages\/205","targetHints":{"allow":["GET"]}}],"collection":[{"href":"https:\/\/praxisvivelavie.ch\/index.php?rest_route=\/wp\/v2\/pages"}],"about":[{"href":"https:\/\/praxisvivelavie.ch\/index.php?rest_route=\/wp\/v2\/types\/page"}],"author":[{"embeddable":true,"href":"https:\/\/praxisvivelavie.ch\/index.php?rest_route=\/wp\/v2\/users\/2"}],"replies":[{"embeddable":true,"href":"https:\/\/praxisvivelavie.ch\/index.php?rest_route=%2Fwp%2Fv2%2Fcomments&post=205"}],"version-history":[{"count":65,"href":"https:\/\/praxisvivelavie.ch\/index.php?rest_route=\/wp\/v2\/pages\/205\/revisions"}],"predecessor-version":[{"id":438,"href":"https:\/\/praxisvivelavie.ch\/index.php?rest_route=\/wp\/v2\/pages\/205\/revisions\/438"}],"wp:attachment":[{"href":"https:\/\/praxisvivelavie.ch\/index.php?rest_route=%2Fwp%2Fv2%2Fmedia&parent=205"}],"curies":[{"name":"wp","href":"https:\/\/api.w.org\/{rel}","templated":true}]}}